{"id":686,"date":"2023-08-14T18:52:48","date_gmt":"2023-08-14T18:52:48","guid":{"rendered":"https:\/\/in2past.org\/?page_id=686"},"modified":"2026-03-17T17:44:59","modified_gmt":"2026-03-17T17:44:59","slug":"resources","status":"publish","type":"page","link":"https:\/\/in2past.org\/pt\/resources\/","title":{"rendered":"Recursos"},"content":{"rendered":"<div data-elementor-type=\"wp-page\" data-elementor-id=\"686\" class=\"elementor elementor-686\" data-elementor-post-type=\"page\">\n\t\t\t\t<div class=\"elementor-element elementor-element-1459d9e e-flex e-con-boxed e-con e-parent\" data-id=\"1459d9e\" data-element_type=\"container\">\n\t\t\t\t\t<div class=\"e-con-inner\">\n\t\t<div class=\"elementor-element elementor-element-3a3ccd2 e-con-full e-flex elementor-invisible e-con e-child\" data-id=\"3a3ccd2\" data-element_type=\"container\" data-settings=\"{&quot;animation&quot;:&quot;fadeInLeft&quot;}\">\n\t\t\t\t<div class=\"elementor-element elementor-element-3f7f176 elementor-widget elementor-widget-heading\" data-id=\"3f7f176\" data-element_type=\"widget\" data-widget_type=\"heading.default\">\n\t\t\t\t<div class=\"elementor-widget-container\">\n\t\t\t\t\t<h2 class=\"elementor-heading-title elementor-size-default\">Recursos<\/h2>\t\t\t\t<\/div>\n\t\t\t\t<\/div>\n\t\t\t\t<\/div>\n\t\t\t\t\t<\/div>\n\t\t\t\t<\/div>\n\t\t<div class=\"elementor-element elementor-element-397c0be e-flex e-con-boxed e-con e-parent\" data-id=\"397c0be\" data-element_type=\"container\">\n\t\t\t\t\t<div class=\"e-con-inner\">\n\t\t<div class=\"elementor-element elementor-element-b3bcd09 e-con-full e-flex e-con e-child\" data-id=\"b3bcd09\" data-element_type=\"container\">\n\t\t\t\t<div class=\"elementor-element elementor-element-a49a464 elementor-widget__width-inherit elementor-invisible elementor-widget elementor-widget-text-editor\" data-id=\"a49a464\" data-element_type=\"widget\" data-settings=\"{&quot;_animation&quot;:&quot;fadeInLeft&quot;}\" data-widget_type=\"text-editor.default\">\n\t\t\t\t<div class=\"elementor-widget-container\">\n\t\t\t\t\t\t\t\t\t<p>Aqui encontra recursos digitais produzidos pelo IN2PAST, relacionados com as suas atividades, \u00fateis para investigadores, jornalistas e parceiros, incluindo documentos legais, de conformidade e de orienta\u00e7\u00e3o, comunicados de imprensa e o Media Kit, onde disponibilizamos o nosso log\u00f3tipo e outras ferramentas de identidade visual, o manual de normas gr\u00e1ficas e um banco de imagens.<\/p>\t\t\t\t\t\t\t\t<\/div>\n\t\t\t\t<\/div>\n\t\t\t\t<\/div>\n\t\t<div class=\"elementor-element elementor-element-f4d58be e-con-full e-flex e-con e-child\" data-id=\"f4d58be\" data-element_type=\"container\">\n\t\t\t\t<div class=\"elementor-element elementor-element-f52c519 elementor-widget elementor-widget-heading\" data-id=\"f52c519\" data-element_type=\"widget\" data-widget_type=\"heading.default\">\n\t\t\t\t<div class=\"elementor-widget-container\">\n\t\t\t\t\t<h2 class=\"elementor-heading-title elementor-size-default\">Contacto direto<\/h2>\t\t\t\t<\/div>\n\t\t\t\t<\/div>\n\t\t\t\t<div class=\"elementor-element elementor-element-04664f3 elementor-widget elementor-widget-text-editor\" data-id=\"04664f3\" data-element_type=\"widget\" data-widget_type=\"text-editor.default\">\n\t\t\t\t<div class=\"elementor-widget-container\">\n\t\t\t\t\t\t\t\t\t<p class=\"p1\"><span class=\"s1\"><b>Gest\u00e3o da comunica\u00e7\u00e3o<\/b><\/span><\/p><p class=\"p1\"><span class=\"s1\">Email: <\/span><span class=\"s1\"><a href=\"mailto:comunica@in2past.org\">comunica@in2past.org<\/a><\/span><\/p>\t\t\t\t\t\t\t\t<\/div>\n\t\t\t\t<\/div>\n\t\t\t\t<\/div>\n\t\t\t\t\t<\/div>\n\t\t\t\t<\/div>\n\t\t<div class=\"elementor-element elementor-element-b930b3b e-con-full e-flex e-con e-parent\" data-id=\"b930b3b\" data-element_type=\"container\">\n\t\t<div class=\"elementor-element elementor-element-f8e292b e-flex e-con-boxed e-con e-child\" data-id=\"f8e292b\" data-element_type=\"container\">\n\t\t\t\t\t<div class=\"e-con-inner\">\n\t\t\t\t<div class=\"elementor-element elementor-element-95c95b6 elementor-widget elementor-widget-n-accordion\" data-id=\"95c95b6\" data-element_type=\"widget\" data-settings=\"{&quot;max_items_expended&quot;:&quot;multiple&quot;,&quot;default_state&quot;:&quot;expanded&quot;,&quot;n_accordion_animation_duration&quot;:{&quot;unit&quot;:&quot;ms&quot;,&quot;size&quot;:400,&quot;sizes&quot;:[]}}\" data-widget_type=\"nested-accordion.default\">\n\t\t\t\t<div class=\"elementor-widget-container\">\n\t\t\t\t\t\t\t<div class=\"e-n-accordion\" aria-label=\"Acorde\u00e3o. Abrir liga\u00e7\u00f5es com Enter ou Espa\u00e7o, fechar com Escape e navegar com Setas\">\n\t\t\t\t\t\t<details id=\"e-n-accordion-item-1570\" class=\"e-n-accordion-item\" open>\n\t\t\t\t<summary class=\"e-n-accordion-item-title\" data-accordion-index=\"1\" tabindex=\"0\" aria-expanded=\"true\" aria-controls=\"e-n-accordion-item-1570\" >\n\t\t\t\t\t<span class='e-n-accordion-item-title-header'><div class=\"e-n-accordion-item-title-text\"> Documentos \u00fateis <\/div><\/span>\n\t\t\t\t\t\t\t<span class='e-n-accordion-item-title-icon'>\n\t\t\t<span class='e-opened' ><i aria-hidden=\"true\" class=\"fas fa-minus\"><\/i><\/span>\n\t\t\t<span class='e-closed'><i aria-hidden=\"true\" class=\"fas fa-plus\"><\/i><\/span>\n\t\t<\/span>\n\n\t\t\t\t\t\t<\/summary>\n\t\t\t\t<div role=\"region\" aria-labelledby=\"e-n-accordion-item-1570\" class=\"elementor-element elementor-element-9d55681 e-flex e-con-boxed e-con e-child\" data-id=\"9d55681\" data-element_type=\"container\">\n\t\t\t\t\t<div class=\"e-con-inner\">\n\t\t<div role=\"region\" aria-labelledby=\"e-n-accordion-item-1570\" class=\"elementor-element elementor-element-2779ea3 e-con-full e-flex e-con e-child\" data-id=\"2779ea3\" data-element_type=\"container\">\n\t\t\t\t<div class=\"elementor-element elementor-element-2c2e17a elementor-widget__width-initial elementor-widget elementor-widget-heading\" data-id=\"2c2e17a\" data-element_type=\"widget\" data-widget_type=\"heading.default\">\n\t\t\t\t<div class=\"elementor-widget-container\">\n\t\t\t\t\t<h2 class=\"elementor-heading-title elementor-size-default\">Regulamento do IN2PAST, aprovado pelo Plen\u00e1rio do Conselho Cient\u00edfico em 24 de janeiro de 2025<\/h2>\t\t\t\t<\/div>\n\t\t\t\t<\/div>\n\t\t\t\t<div class=\"elementor-element elementor-element-e9ae477 elementor-widget elementor-widget-text-editor\" data-id=\"e9ae477\" data-element_type=\"widget\" data-widget_type=\"text-editor.default\">\n\t\t\t\t<div class=\"elementor-widget-container\">\n\t\t\t\t\t\t\t\t\t<p>12\/5\/2025<\/p>\t\t\t\t\t\t\t\t<\/div>\n\t\t\t\t<\/div>\n\t\t\t\t<div class=\"elementor-element elementor-element-73d348f elementor-align-left elementor-mobile-align-center elementor-widget elementor-widget-button\" data-id=\"73d348f\" data-element_type=\"widget\" data-widget_type=\"button.default\">\n\t\t\t\t<div class=\"elementor-widget-container\">\n\t\t\t\t\t\t\t\t\t<div class=\"elementor-button-wrapper\">\n\t\t\t\t\t<a class=\"elementor-button elementor-button-link elementor-size-xs elementor-animation-shrink\" href=\"https:\/\/in2past.org\/wp-content\/uploads\/2025\/11\/Regulamento_IN2PAST_24012025_compressed.pdf\" target=\"_blank\">\n\t\t\t\t\t\t<span class=\"elementor-button-content-wrapper\">\n\t\t\t\t\t\t\t\t\t<span class=\"elementor-button-text\">Documento PDF<\/span>\n\t\t\t\t\t<\/span>\n\t\t\t\t\t<\/a>\n\t\t\t\t<\/div>\n\t\t\t\t\t\t\t\t<\/div>\n\t\t\t\t<\/div>\n\t\t\t\t<\/div>\n\t\t<div role=\"region\" aria-labelledby=\"e-n-accordion-item-1570\" class=\"elementor-element elementor-element-c8ab975 e-con-full e-flex e-con e-child\" data-id=\"c8ab975\" data-element_type=\"container\">\n\t\t\t\t<div class=\"elementor-element elementor-element-bc6fb9e elementor-widget__width-initial elementor-widget elementor-widget-heading\" data-id=\"bc6fb9e\" data-element_type=\"widget\" data-widget_type=\"heading.default\">\n\t\t\t\t<div class=\"elementor-widget-container\">\n\t\t\t\t\t<h2 class=\"elementor-heading-title elementor-size-default\">Regulamento do Concurso do IN2PAST para Financiamento de Projetos Explorat\u00f3rios (3\u00aa Edi\u00e7\u00e3o)<\/h2>\t\t\t\t<\/div>\n\t\t\t\t<\/div>\n\t\t\t\t<div class=\"elementor-element elementor-element-79bc6e6 elementor-widget elementor-widget-text-editor\" data-id=\"79bc6e6\" data-element_type=\"widget\" data-widget_type=\"text-editor.default\">\n\t\t\t\t<div class=\"elementor-widget-container\">\n\t\t\t\t\t\t\t\t\t<p>4\/7\/2025<\/p>\t\t\t\t\t\t\t\t<\/div>\n\t\t\t\t<\/div>\n\t\t\t\t<div class=\"elementor-element elementor-element-13ffea7 elementor-align-left elementor-mobile-align-center elementor-widget elementor-widget-button\" data-id=\"13ffea7\" data-element_type=\"widget\" data-widget_type=\"button.default\">\n\t\t\t\t<div class=\"elementor-widget-container\">\n\t\t\t\t\t\t\t\t\t<div class=\"elementor-button-wrapper\">\n\t\t\t\t\t<a class=\"elementor-button elementor-button-link elementor-size-xs elementor-animation-shrink\" href=\"https:\/\/in2past.org\/wp-content\/uploads\/2024\/04\/IN2PAST_Concurso-para-Financiamento-de-Projetos-Exploratorios-20242025-3a-edicao_Regulamento.pdf\" target=\"_blank\">\n\t\t\t\t\t\t<span class=\"elementor-button-content-wrapper\">\n\t\t\t\t\t\t\t\t\t<span class=\"elementor-button-text\">Documento PDF<\/span>\n\t\t\t\t\t<\/span>\n\t\t\t\t\t<\/a>\n\t\t\t\t<\/div>\n\t\t\t\t\t\t\t\t<\/div>\n\t\t\t\t<\/div>\n\t\t\t\t<\/div>\n\t\t<div role=\"region\" aria-labelledby=\"e-n-accordion-item-1570\" class=\"elementor-element elementor-element-fde7fdb e-con-full e-flex e-con e-child\" data-id=\"fde7fdb\" data-element_type=\"container\">\n\t\t\t\t<div class=\"elementor-element elementor-element-29a85c3 elementor-widget__width-initial elementor-widget elementor-widget-heading\" data-id=\"29a85c3\" data-element_type=\"widget\" data-widget_type=\"heading.default\">\n\t\t\t\t<div class=\"elementor-widget-container\">\n\t\t\t\t\t<h2 class=\"elementor-heading-title elementor-size-default\">Orienta\u00e7\u00f5es para a comunica\u00e7\u00e3o\/ divulga\u00e7\u00e3o de atividades futuras (PT)<\/h2>\t\t\t\t<\/div>\n\t\t\t\t<\/div>\n\t\t\t\t<div class=\"elementor-element elementor-element-a41b18d elementor-widget elementor-widget-text-editor\" data-id=\"a41b18d\" data-element_type=\"widget\" data-widget_type=\"text-editor.default\">\n\t\t\t\t<div class=\"elementor-widget-container\">\n\t\t\t\t\t\t\t\t\t<p>4\/7\/2025<\/p>\t\t\t\t\t\t\t\t<\/div>\n\t\t\t\t<\/div>\n\t\t\t\t<div class=\"elementor-element elementor-element-d5af2c6 elementor-align-left elementor-mobile-align-center elementor-widget elementor-widget-button\" data-id=\"d5af2c6\" data-element_type=\"widget\" data-widget_type=\"button.default\">\n\t\t\t\t<div class=\"elementor-widget-container\">\n\t\t\t\t\t\t\t\t\t<div class=\"elementor-button-wrapper\">\n\t\t\t\t\t<a class=\"elementor-button elementor-button-link elementor-size-xs elementor-animation-shrink\" href=\"https:\/\/in2past.org\/wp-content\/uploads\/2026\/03\/IN2PAST_Comunicacao-de-atividades-futuras_guia.pdf\" target=\"_blank\">\n\t\t\t\t\t\t<span class=\"elementor-button-content-wrapper\">\n\t\t\t\t\t\t\t\t\t<span class=\"elementor-button-text\">Documento PDF<\/span>\n\t\t\t\t\t<\/span>\n\t\t\t\t\t<\/a>\n\t\t\t\t<\/div>\n\t\t\t\t\t\t\t\t<\/div>\n\t\t\t\t<\/div>\n\t\t\t\t<\/div>\n\t\t<div role=\"region\" aria-labelledby=\"e-n-accordion-item-1570\" class=\"elementor-element elementor-element-b63facb e-con-full e-flex e-con e-child\" data-id=\"b63facb\" data-element_type=\"container\">\n\t\t\t\t<\/div>\n\t\t\t\t\t<\/div>\n\t\t\t\t<\/div>\n\t\t\t\t\t<\/details>\n\t\t\t\t\t<\/div>\n\t\t\t\t\t\t<\/div>\n\t\t\t\t<\/div>\n\t\t\t\t\t<\/div>\n\t\t\t\t<\/div>\n\t\t\t\t<\/div>\n\t\t<div class=\"elementor-element elementor-element-0024500 e-con-full e-flex elementor-invisible e-con e-parent\" data-id=\"0024500\" data-element_type=\"container\" data-settings=\"{&quot;animation&quot;:&quot;fadeInUp&quot;,&quot;animation_mobile&quot;:&quot;none&quot;}\">\n\t\t\t\t<div class=\"elementor-element elementor-element-8c96b69 elementor-widget elementor-widget-heading\" data-id=\"8c96b69\" data-element_type=\"widget\" data-widget_type=\"heading.default\">\n\t\t\t\t<div class=\"elementor-widget-container\">\n\t\t\t\t\t<h2 class=\"elementor-heading-title elementor-size-default\">Media Kit<\/h2>\t\t\t\t<\/div>\n\t\t\t\t<\/div>\n\t\t\t\t<\/div>\n\t\t<div class=\"elementor-element elementor-element-52ad15c e-flex e-con-boxed elementor-invisible e-con e-parent\" data-id=\"52ad15c\" data-element_type=\"container\" data-settings=\"{&quot;animation&quot;:&quot;fadeInUp&quot;}\">\n\t\t\t\t\t<div class=\"e-con-inner\">\n\t\t<div class=\"elementor-element elementor-element-70dc255 e-con-full e-flex e-con e-child\" data-id=\"70dc255\" data-element_type=\"container\">\n\t\t\t\t<div class=\"elementor-element elementor-element-16ef12f elementor-widget-tablet__width-initial elementor-widget elementor-widget-text-editor\" data-id=\"16ef12f\" data-element_type=\"widget\" data-widget_type=\"text-editor.default\">\n\t\t\t\t<div class=\"elementor-widget-container\">\n\t\t\t\t\t\t\t\t\t<p><b>Ferramentas de identidade visual<\/b><\/p>\t\t\t\t\t\t\t\t<\/div>\n\t\t\t\t<\/div>\n\t\t\t\t<div class=\"elementor-element elementor-element-c1070e6 elementor-widget elementor-widget-text-editor\" data-id=\"c1070e6\" data-element_type=\"widget\" data-widget_type=\"text-editor.default\">\n\t\t\t\t<div class=\"elementor-widget-container\">\n\t\t\t\t\t\t\t\t\t<p class=\"p1\"><a href=\"https:\/\/drive.google.com\/drive\/folders\/1ghHzAnKYz4NaA0sl0iiCKwI4VAAwUE1m?usp=drive_link\" target=\"_blank\" rel=\"noopener\">Log\u00f3tipo e varia\u00e7\u00f5es<\/a>; <a href=\"https:\/\/drive.google.com\/drive\/folders\/1ZOfXzjTtLGcvUZFTYZssI5M7prNggbwD?usp=drive_link\" target=\"_blank\" rel=\"noopener\">Padr\u00e3o original do IN2PAST<\/a>, em diferentes dimens\u00f5es; <a href=\"https:\/\/drive.google.com\/drive\/folders\/1WDTyIj0IF5OY0QREi10brnj_lrTOMl58?usp=drive_link\" target=\"_blank\" rel=\"noopener\">identidade complementar, formas originais do IN2PAST<\/a>.<\/p>\t\t\t\t\t\t\t\t<\/div>\n\t\t\t\t<\/div>\n\t\t\t\t<div class=\"elementor-element elementor-element-47dbee5 elementor-align-left elementor-mobile-align-center elementor-widget elementor-widget-button\" data-id=\"47dbee5\" data-element_type=\"widget\" data-widget_type=\"button.default\">\n\t\t\t\t<div class=\"elementor-widget-container\">\n\t\t\t\t\t\t\t\t\t<div class=\"elementor-button-wrapper\">\n\t\t\t\t\t<a class=\"elementor-button elementor-button-link elementor-size-xs elementor-animation-shrink\" href=\"https:\/\/drive.google.com\/drive\/folders\/1uWe9pLOLay8ouqVZx6Eo6OruaPQ20UYp?usp=drive_link\" target=\"_blank\">\n\t\t\t\t\t\t<span class=\"elementor-button-content-wrapper\">\n\t\t\t\t\t\t\t\t\t<span class=\"elementor-button-text\">Descarregar<\/span>\n\t\t\t\t\t<\/span>\n\t\t\t\t\t<\/a>\n\t\t\t\t<\/div>\n\t\t\t\t\t\t\t\t<\/div>\n\t\t\t\t<\/div>\n\t\t\t\t<\/div>\n\t\t<div class=\"elementor-element elementor-element-21b56f7 e-con-full e-flex e-con e-child\" data-id=\"21b56f7\" data-element_type=\"container\">\n\t\t\t\t<div class=\"elementor-element elementor-element-8943021 elementor-widget-tablet__width-initial elementor-widget elementor-widget-text-editor\" data-id=\"8943021\" data-element_type=\"widget\" data-widget_type=\"text-editor.default\">\n\t\t\t\t<div class=\"elementor-widget-container\">\n\t\t\t\t\t\t\t\t\t<p><strong>Manual de normas gr\u00e1ficas<\/strong><\/p>\t\t\t\t\t\t\t\t<\/div>\n\t\t\t\t<\/div>\n\t\t\t\t<div class=\"elementor-element elementor-element-203f31e elementor-widget elementor-widget-text-editor\" data-id=\"203f31e\" data-element_type=\"widget\" data-widget_type=\"text-editor.default\">\n\t\t\t\t<div class=\"elementor-widget-container\">\n\t\t\t\t\t\t\t\t\t<p class=\"p1\">Aconselhamos a consulta\/ download do nosso manual de normas gr\u00e1ficas e de identidade visual antes de utilizar qualquer um dos materiais fornecidos pela IN2PAST.<\/p>\t\t\t\t\t\t\t\t<\/div>\n\t\t\t\t<\/div>\n\t\t\t\t<div class=\"elementor-element elementor-element-2e23410 elementor-align-left elementor-mobile-align-center elementor-widget elementor-widget-button\" data-id=\"2e23410\" data-element_type=\"widget\" data-widget_type=\"button.default\">\n\t\t\t\t<div class=\"elementor-widget-container\">\n\t\t\t\t\t\t\t\t\t<div class=\"elementor-button-wrapper\">\n\t\t\t\t\t<a class=\"elementor-button elementor-button-link elementor-size-xs elementor-animation-shrink\" href=\"https:\/\/drive.google.com\/drive\/folders\/1QQ0GZZggr4VlPBzTUNJ1hgNPuacbhBUH?usp=drive_link\" target=\"_blank\">\n\t\t\t\t\t\t<span class=\"elementor-button-content-wrapper\">\n\t\t\t\t\t\t\t\t\t<span class=\"elementor-button-text\">Documento PDF<\/span>\n\t\t\t\t\t<\/span>\n\t\t\t\t\t<\/a>\n\t\t\t\t<\/div>\n\t\t\t\t\t\t\t\t<\/div>\n\t\t\t\t<\/div>\n\t\t\t\t<\/div>\n\t\t<div class=\"elementor-element elementor-element-1e8f43a e-con-full e-flex e-con e-child\" data-id=\"1e8f43a\" data-element_type=\"container\">\n\t\t\t\t<div class=\"elementor-element elementor-element-1083702 elementor-widget-tablet__width-initial elementor-widget elementor-widget-text-editor\" data-id=\"1083702\" data-element_type=\"widget\" data-widget_type=\"text-editor.default\">\n\t\t\t\t<div class=\"elementor-widget-container\">\n\t\t\t\t\t\t\t\t\t<p><strong>Banco de Imagens\u00a0<\/strong><\/p>\t\t\t\t\t\t\t\t<\/div>\n\t\t\t\t<\/div>\n\t\t\t\t<div class=\"elementor-element elementor-element-5c98b0b elementor-widget elementor-widget-text-editor\" data-id=\"5c98b0b\" data-element_type=\"widget\" data-widget_type=\"text-editor.default\">\n\t\t\t\t<div class=\"elementor-widget-container\">\n\t\t\t\t\t\t\t\t\t<p>As imagens neste banco destinam-se a uso exclusivo no contexto de refer\u00eancias ao IN2PAST e \u00e0s suas atividades. As imagens est\u00e3o protegidas por direitos de autor conforme indicado; se n\u00e3o for especificado, s\u00e3o consideradas de dom\u00ednio p\u00fablico.<\/p>\t\t\t\t\t\t\t\t<\/div>\n\t\t\t\t<\/div>\n\t\t\t\t<div class=\"elementor-element elementor-element-40d1e52 elementor-align-left elementor-mobile-align-center elementor-widget elementor-widget-button\" data-id=\"40d1e52\" data-element_type=\"widget\" data-widget_type=\"button.default\">\n\t\t\t\t<div class=\"elementor-widget-container\">\n\t\t\t\t\t\t\t\t\t<div class=\"elementor-button-wrapper\">\n\t\t\t\t\t<a class=\"elementor-button elementor-button-link elementor-size-xs elementor-animation-shrink\" href=\"https:\/\/drive.google.com\/drive\/folders\/1HuiwSvOE7l6phCDkuxCdCNwtKMzVQta3?usp=sharing\" target=\"_blank\">\n\t\t\t\t\t\t<span class=\"elementor-button-content-wrapper\">\n\t\t\t\t\t\t\t\t\t<span class=\"elementor-button-text\">Descarregar<\/span>\n\t\t\t\t\t<\/span>\n\t\t\t\t\t<\/a>\n\t\t\t\t<\/div>\n\t\t\t\t\t\t\t\t<\/div>\n\t\t\t\t<\/div>\n\t\t\t\t<\/div>\n\t\t\t\t\t<\/div>\n\t\t\t\t<\/div>\n\t\t<div class=\"elementor-element elementor-element-c021da6 e-con-full e-flex e-con e-parent\" data-id=\"c021da6\" data-element_type=\"container\">\n\t\t<div class=\"elementor-element elementor-element-35d1a43 e-flex e-con-boxed e-con e-child\" data-id=\"35d1a43\" data-element_type=\"container\">\n\t\t\t\t\t<div class=\"e-con-inner\">\n\t\t\t\t<div class=\"elementor-element elementor-element-5aad6d6 elementor-widget elementor-widget-n-accordion\" data-id=\"5aad6d6\" data-element_type=\"widget\" data-settings=\"{&quot;max_items_expended&quot;:&quot;multiple&quot;,&quot;default_state&quot;:&quot;expanded&quot;,&quot;n_accordion_animation_duration&quot;:{&quot;unit&quot;:&quot;ms&quot;,&quot;size&quot;:400,&quot;sizes&quot;:[]}}\" data-widget_type=\"nested-accordion.default\">\n\t\t\t\t<div class=\"elementor-widget-container\">\n\t\t\t\t\t\t\t<div class=\"e-n-accordion\" aria-label=\"Acorde\u00e3o. Abrir liga\u00e7\u00f5es com Enter ou Espa\u00e7o, fechar com Escape e navegar com Setas\">\n\t\t\t\t\t\t<details id=\"e-n-accordion-item-9500\" class=\"e-n-accordion-item\" open>\n\t\t\t\t<summary class=\"e-n-accordion-item-title\" data-accordion-index=\"1\" tabindex=\"0\" aria-expanded=\"true\" aria-controls=\"e-n-accordion-item-9500\" >\n\t\t\t\t\t<span class='e-n-accordion-item-title-header'><div class=\"e-n-accordion-item-title-text\"> Comunicados de imprensa <\/div><\/span>\n\t\t\t\t\t\t\t<span class='e-n-accordion-item-title-icon'>\n\t\t\t<span class='e-opened' ><i aria-hidden=\"true\" class=\"fas fa-minus\"><\/i><\/span>\n\t\t\t<span class='e-closed'><i aria-hidden=\"true\" class=\"fas fa-plus\"><\/i><\/span>\n\t\t<\/span>\n\n\t\t\t\t\t\t<\/summary>\n\t\t\t\t<div role=\"region\" aria-labelledby=\"e-n-accordion-item-9500\" class=\"elementor-element elementor-element-489e610 e-flex e-con-boxed e-con e-child\" data-id=\"489e610\" data-element_type=\"container\">\n\t\t\t\t\t<div class=\"e-con-inner\">\n\t\t<div role=\"region\" aria-labelledby=\"e-n-accordion-item-9500\" class=\"elementor-element elementor-element-aa84812 e-con-full e-flex e-con e-child\" data-id=\"aa84812\" data-element_type=\"container\">\n\t\t\t\t<div class=\"elementor-element elementor-element-e8f25c8 elementor-widget__width-initial elementor-widget elementor-widget-heading\" data-id=\"e8f25c8\" data-element_type=\"widget\" data-widget_type=\"heading.default\">\n\t\t\t\t<div class=\"elementor-widget-container\">\n\t\t\t\t\t<h2 class=\"elementor-heading-title elementor-size-default\">Atribui\u00e7\u00e3o do Estatuto de Laborat\u00f3rio Associado aprovada pela FCT<\/h2>\t\t\t\t<\/div>\n\t\t\t\t<\/div>\n\t\t\t\t<div class=\"elementor-element elementor-element-d81f984 elementor-widget elementor-widget-text-editor\" data-id=\"d81f984\" data-element_type=\"widget\" data-widget_type=\"text-editor.default\">\n\t\t\t\t<div class=\"elementor-widget-container\">\n\t\t\t\t\t\t\t\t\t<p>25\/02\/2021<\/p>\t\t\t\t\t\t\t\t<\/div>\n\t\t\t\t<\/div>\n\t\t\t\t<div class=\"elementor-element elementor-element-30cd650 elementor-align-left elementor-mobile-align-center elementor-widget elementor-widget-button\" data-id=\"30cd650\" data-element_type=\"widget\" data-widget_type=\"button.default\">\n\t\t\t\t<div class=\"elementor-widget-container\">\n\t\t\t\t\t\t\t\t\t<div class=\"elementor-button-wrapper\">\n\t\t\t\t\t<a class=\"elementor-button elementor-button-link elementor-size-xs elementor-animation-shrink\" href=\"https:\/\/in2past.org\/wp-content\/uploads\/2023\/11\/IN2PAST_COMUNICADO_Aprovacao.pdf\" target=\"_blank\">\n\t\t\t\t\t\t<span class=\"elementor-button-content-wrapper\">\n\t\t\t\t\t\t\t\t\t<span class=\"elementor-button-text\">Documento PDF<\/span>\n\t\t\t\t\t<\/span>\n\t\t\t\t\t<\/a>\n\t\t\t\t<\/div>\n\t\t\t\t\t\t\t\t<\/div>\n\t\t\t\t<\/div>\n\t\t\t\t<\/div>\n\t\t<div role=\"region\" aria-labelledby=\"e-n-accordion-item-9500\" class=\"elementor-element elementor-element-b6494c7 e-con-full e-flex e-con e-child\" data-id=\"b6494c7\" data-element_type=\"container\">\n\t\t\t\t<\/div>\n\t\t<div role=\"region\" aria-labelledby=\"e-n-accordion-item-9500\" class=\"elementor-element elementor-element-4c1f90f e-con-full e-flex e-con e-child\" data-id=\"4c1f90f\" data-element_type=\"container\">\n\t\t\t\t<\/div>\n\t\t<div role=\"region\" aria-labelledby=\"e-n-accordion-item-9500\" class=\"elementor-element elementor-element-d730efa e-con-full e-flex e-con e-child\" data-id=\"d730efa\" data-element_type=\"container\">\n\t\t\t\t<\/div>\n\t\t\t\t\t<\/div>\n\t\t\t\t<\/div>\n\t\t\t\t\t<\/details>\n\t\t\t\t\t<\/div>\n\t\t\t\t\t\t<\/div>\n\t\t\t\t<\/div>\n\t\t\t\t\t<\/div>\n\t\t\t\t<\/div>\n\t\t\t\t<\/div>\n\t\t\t\t<\/div>","protected":false},"excerpt":{"rendered":"<p>Recursos Aqui encontra recursos digitais produzidos pelo IN2PAST, relacionados com as suas actividades, \u00fateis para investigadores, jornalistas e parceiros, incluindo documentos legais, de conformidade e de orienta\u00e7\u00e3o, comunicados de imprensa e o Media Kit, onde disponibilizamos o nosso log\u00f3tipo e outras ferramentas de identidade visual, o manual de normas gr\u00e1ficas e um banco de imagens. Contacto direto Gest\u00e3o da comunica\u00e7\u00e3o Email: [...]<\/p>","protected":false},"author":1,"featured_media":0,"parent":0,"menu_order":0,"comment_status":"closed","ping_status":"closed","template":"elementor_header_footer","meta":{"footnotes":""},"class_list":["post-686","page","type-page","status-publish","hentry"],"_links":{"self":[{"href":"https:\/\/in2past.org\/pt\/wp-json\/wp\/v2\/pages\/686","targetHints":{"allow":["GET"]}}],"collection":[{"href":"https:\/\/in2past.org\/pt\/wp-json\/wp\/v2\/pages"}],"about":[{"href":"https:\/\/in2past.org\/pt\/wp-json\/wp\/v2\/types\/page"}],"author":[{"embeddable":true,"href":"https:\/\/in2past.org\/pt\/wp-json\/wp\/v2\/users\/1"}],"replies":[{"embeddable":true,"href":"https:\/\/in2past.org\/pt\/wp-json\/wp\/v2\/comments?post=686"}],"version-history":[{"count":332,"href":"https:\/\/in2past.org\/pt\/wp-json\/wp\/v2\/pages\/686\/revisions"}],"predecessor-version":[{"id":21020,"href":"https:\/\/in2past.org\/pt\/wp-json\/wp\/v2\/pages\/686\/revisions\/21020"}],"wp:attachment":[{"href":"https:\/\/in2past.org\/pt\/wp-json\/wp\/v2\/media?parent=686"}],"curies":[{"name":"wp","href":"https:\/\/api.w.org\/{rel}","templated":true}]}}