{"id":4592,"date":"2023-11-09T19:00:37","date_gmt":"2023-11-09T19:00:37","guid":{"rendered":"https:\/\/in2past.org\/?page_id=4592"},"modified":"2026-01-19T22:07:16","modified_gmt":"2026-01-19T22:07:16","slug":"privacy-policy","status":"publish","type":"page","link":"https:\/\/in2past.org\/pt\/privacy-policy\/","title":{"rendered":"Pol\u00edtica de privacidade"},"content":{"rendered":"<div data-elementor-type=\"wp-page\" data-elementor-id=\"4592\" class=\"elementor elementor-4592\" data-elementor-post-type=\"page\">\n\t\t\t\t<div class=\"elementor-element elementor-element-e2ec563 e-con-full e-flex e-con e-parent\" data-id=\"e2ec563\" data-element_type=\"container\">\n\t\t\t\t<div class=\"elementor-element elementor-element-da0bb55 elementor-widget elementor-widget-heading\" data-id=\"da0bb55\" data-element_type=\"widget\" data-widget_type=\"heading.default\">\n\t\t\t\t<div class=\"elementor-widget-container\">\n\t\t\t\t\t<h2 class=\"elementor-heading-title elementor-size-default\">Pol\u00edtica de privacidade<\/h2>\t\t\t\t<\/div>\n\t\t\t\t<\/div>\n\t\t\t\t<\/div>\n\t\t<div class=\"elementor-element elementor-element-14f9407 e-con-full e-flex e-con e-parent\" data-id=\"14f9407\" data-element_type=\"container\">\n\t\t<div class=\"elementor-element elementor-element-96e3588 e-con-full e-flex e-con e-child\" data-id=\"96e3588\" data-element_type=\"container\">\n\t\t\t\t<div class=\"elementor-element elementor-element-6c1c1d8 elementor-widget elementor-widget-text-editor\" data-id=\"6c1c1d8\" data-element_type=\"widget\" data-widget_type=\"text-editor.default\">\n\t\t\t\t<div class=\"elementor-widget-container\">\n\t\t\t\t\t\t\t\t\t<p class=\"p1\"><span class=\"s1\">O seu direito \u00e0 privacidade e a prote\u00e7\u00e3o das informa\u00e7\u00f5es que decide partilhar s\u00e3o importantes para n\u00f3s. <\/span><\/p><p class=\"p1\"><span class=\"s1\">A comunica\u00e7\u00e3o dos seus dados pessoais n\u00e3o constitui uma obriga\u00e7\u00e3o legal, mas \u00e9 por vezes necess\u00e1ria para atingir as finalidades para as quais os dados s\u00e3o solicitados. O IN2PAST recolhe apenas os dados adequados, pertinentes e necess\u00e1rios em rela\u00e7\u00e3o \u00e0 finalidade para a qual s\u00e3o recolhidos.<\/span><\/p><p class=\"p1\"><span class=\"s1\">Quaisquer dados pessoais partilhados connosco ser\u00e3o tratados de forma justa e transparente, com o m\u00e1ximo cuidado e seguran\u00e7a, e garantindo que apenas ser\u00e3o utilizados para os fins expressamente indicados e autorizados. Os seus dados pessoais ser\u00e3o conservados nos nossos sistemas enquanto continuarem a ser utilizados para os fins indicados aquando do pedido inicial. <\/span><\/p><p class=\"p1\"><span class=\"s1\">O IN2PAST n\u00e3o solicita quaisquer dados pessoais enquanto o utilizador est\u00e1 a navegar pelo nosso site. Nalgumas ocasi\u00f5es, poder\u00e1 encontrar hiperliga\u00e7\u00f5es para sites externos. O IN2PAST n\u00e3o partilha a sua informa\u00e7\u00e3o com terceiros e n\u00e3o \u00e9 respons\u00e1vel pela pol\u00edtica de privacidade destes.<\/span><\/p><p class=\"p1\"><span class=\"s1\">O IN2PAST n\u00e3o recolhe nem armazena dados pessoais (por exemplo, atrav\u00e9s de formul\u00e1rios online para efeitos de feedback, registo, pedidos, etc.) atrav\u00e9s deste site sem o seu conhecimento e consentimento pr\u00e9vio. O utilizador ser\u00e1 informado sobre os dados pessoais que est\u00e3o a ser recolhidos, quem os utilizar\u00e1 e para que fins ser\u00e3o utilizados.<\/span><\/p><p class=\"p1\"><span class=\"s1\">Ao disponibilizar os seus dados pessoais ao IN2PAST, o utilizador reconhece e consente o seu processamento de acordo com os termos desta declara\u00e7\u00e3o de privacidade e processamento de dados pessoais.<\/span><\/p><p class=\"p1\"><span class=\"s1\">Em conformidade com o <\/span><span class=\"s2\">Regulamento Geral sobre a Prote\u00e7\u00e3o de Dados<\/span><span class=\"s1\"> (<a href=\"https:\/\/eur-lex.europa.eu\/legal-content\/EN\/TXT\/?uri=celex%3A32016R0679\" target=\"_blank\" rel=\"noopener\">RGPD<\/a>), o utilizador pode exercer o seu direito de acesso, retifica\u00e7\u00e3o, oposi\u00e7\u00e3o, limita\u00e7\u00e3o e elimina\u00e7\u00e3o dos seus dados pessoais. Para exercer este direito, basta enviar o seu pedido para o endere\u00e7o eletr\u00f3nico <span style=\"text-decoration: underline; color: #ff0000;\"><a style=\"color: #ff0000;\" href=\"mailto:in2past@in2past.org\"><span class=\"s3\">in2past@in2past.org<\/span><\/a>. <\/span><\/span><\/p>\t\t\t\t\t\t\t\t<\/div>\n\t\t\t\t<\/div>\n\t\t\t\t<\/div>\n\t\t\t\t<\/div>\n\t\t<div class=\"elementor-element elementor-element-8b22231 e-con-full e-flex e-con e-parent\" data-id=\"8b22231\" data-element_type=\"container\">\n\t\t\t\t<div class=\"elementor-element elementor-element-d4b9a03 elementor-widget-divider--view-line elementor-widget elementor-widget-divider\" data-id=\"d4b9a03\" data-element_type=\"widget\" data-widget_type=\"divider.default\">\n\t\t\t\t<div class=\"elementor-widget-container\">\n\t\t\t\t\t\t\t<div class=\"elementor-divider\">\n\t\t\t<span class=\"elementor-divider-separator\">\n\t\t\t\t\t\t<\/span>\n\t\t<\/div>\n\t\t\t\t\t\t<\/div>\n\t\t\t\t<\/div>\n\t\t\t\t<\/div>\n\t\t\t\t<\/div>","protected":false},"excerpt":{"rendered":"<p>Pol\u00edtica de privacidade O seu direito \u00e0 privacidade e a prote\u00e7\u00e3o das informa\u00e7\u00f5es que decide partilhar s\u00e3o importantes para n\u00f3s. A comunica\u00e7\u00e3o dos seus dados pessoais n\u00e3o constitui uma obriga\u00e7\u00e3o legal, mas \u00e9 por vezes necess\u00e1ria para atingir os objectivos para os quais os dados s\u00e3o solicitados. A INPAST recolhe apenas os dados adequados, pertinentes e necess\u00e1rios em rela\u00e7\u00e3o [...]<\/p>","protected":false},"author":1,"featured_media":0,"parent":0,"menu_order":0,"comment_status":"closed","ping_status":"closed","template":"elementor_header_footer","meta":{"footnotes":""},"class_list":["post-4592","page","type-page","status-publish","hentry"],"_links":{"self":[{"href":"https:\/\/in2past.org\/pt\/wp-json\/wp\/v2\/pages\/4592","targetHints":{"allow":["GET"]}}],"collection":[{"href":"https:\/\/in2past.org\/pt\/wp-json\/wp\/v2\/pages"}],"about":[{"href":"https:\/\/in2past.org\/pt\/wp-json\/wp\/v2\/types\/page"}],"author":[{"embeddable":true,"href":"https:\/\/in2past.org\/pt\/wp-json\/wp\/v2\/users\/1"}],"replies":[{"embeddable":true,"href":"https:\/\/in2past.org\/pt\/wp-json\/wp\/v2\/comments?post=4592"}],"version-history":[{"count":22,"href":"https:\/\/in2past.org\/pt\/wp-json\/wp\/v2\/pages\/4592\/revisions"}],"predecessor-version":[{"id":19310,"href":"https:\/\/in2past.org\/pt\/wp-json\/wp\/v2\/pages\/4592\/revisions\/19310"}],"wp:attachment":[{"href":"https:\/\/in2past.org\/pt\/wp-json\/wp\/v2\/media?parent=4592"}],"curies":[{"name":"wp","href":"https:\/\/api.w.org\/{rel}","templated":true}]}}