{"id":4558,"date":"2023-11-09T18:30:11","date_gmt":"2023-11-09T18:30:11","guid":{"rendered":"https:\/\/in2past.org\/?page_id=4558"},"modified":"2026-03-17T17:14:10","modified_gmt":"2026-03-17T17:14:10","slug":"contacts","status":"publish","type":"page","link":"https:\/\/in2past.org\/pt\/contacts\/","title":{"rendered":"Contactos"},"content":{"rendered":"<div data-elementor-type=\"wp-page\" data-elementor-id=\"4558\" class=\"elementor elementor-4558\" data-elementor-post-type=\"page\">\n\t\t\t\t<div class=\"elementor-element elementor-element-40d6983 e-con-full e-flex e-con e-parent\" data-id=\"40d6983\" data-element_type=\"container\">\n\t\t\t\t<div class=\"elementor-element elementor-element-13024bb elementor-invisible elementor-widget elementor-widget-heading\" data-id=\"13024bb\" data-element_type=\"widget\" data-settings=\"{&quot;_animation&quot;:&quot;fadeInLeft&quot;}\" data-widget_type=\"heading.default\">\n\t\t\t\t<div class=\"elementor-widget-container\">\n\t\t\t\t\t<h2 class=\"elementor-heading-title elementor-size-default\">Contactos<\/h2>\t\t\t\t<\/div>\n\t\t\t\t<\/div>\n\t\t\t\t<\/div>\n\t\t<div class=\"elementor-element elementor-element-c8d3e2b e-con-full e-flex elementor-invisible e-con e-parent\" data-id=\"c8d3e2b\" data-element_type=\"container\" data-settings=\"{&quot;animation&quot;:&quot;fadeInLeft&quot;}\">\n\t\t<div class=\"elementor-element elementor-element-8d97895 e-flex e-con-boxed e-con e-child\" data-id=\"8d97895\" data-element_type=\"container\">\n\t\t\t\t\t<div class=\"e-con-inner\">\n\t\t<div class=\"elementor-element elementor-element-7cb80cb e-con-full e-flex e-con e-child\" data-id=\"7cb80cb\" data-element_type=\"container\">\n\t\t\t\t<div class=\"elementor-element elementor-element-abd6842 elementor-widget elementor-widget-image\" data-id=\"abd6842\" data-element_type=\"widget\" data-widget_type=\"image.default\">\n\t\t\t\t<div class=\"elementor-widget-container\">\n\t\t\t\t\t\t\t\t\t\t\t\t\t\t\t<img decoding=\"async\" width=\"1\" height=\"1\" src=\"https:\/\/in2past.org\/wp-content\/uploads\/2023\/11\/icon.svg\" class=\"attachment-large size-large wp-image-3966\" alt=\"\" \/>\t\t\t\t\t\t\t\t\t\t\t\t\t\t\t<\/div>\n\t\t\t\t<\/div>\n\t\t\t\t<\/div>\n\t\t<div class=\"elementor-element elementor-element-a29eb1a e-con-full e-flex e-con e-child\" data-id=\"a29eb1a\" data-element_type=\"container\">\n\t\t\t\t<div class=\"elementor-element elementor-element-993875c elementor-widget elementor-widget-text-editor\" data-id=\"993875c\" data-element_type=\"widget\" data-widget_type=\"text-editor.default\">\n\t\t\t\t<div class=\"elementor-widget-container\">\n\t\t\t\t\t\t\t\t\t<p><span class=\"s2\">Email<\/span><\/p>\t\t\t\t\t\t\t\t<\/div>\n\t\t\t\t<\/div>\n\t\t\t\t<div class=\"elementor-element elementor-element-9cac688 elementor-widget elementor-widget-text-editor\" data-id=\"9cac688\" data-element_type=\"widget\" data-widget_type=\"text-editor.default\">\n\t\t\t\t<div class=\"elementor-widget-container\">\n\t\t\t\t\t\t\t\t\t<p><span style=\"text-decoration: underline;\"><span class=\"s1\" style=\"color: #ff0000; text-decoration: underline;\"><a href=\"\/pt\/in2past@in2past.org\/\" target=\"_blank\" rel=\"noopener\"><span class=\"s2\">in2past@in2past.org<\/span><\/a><\/span><\/span><\/p>\t\t\t\t\t\t\t\t<\/div>\n\t\t\t\t<\/div>\n\t\t\t\t<div class=\"elementor-element elementor-element-c9e6c52 elementor-widget elementor-widget-text-editor\" data-id=\"c9e6c52\" data-element_type=\"widget\" data-widget_type=\"text-editor.default\">\n\t\t\t\t<div class=\"elementor-widget-container\">\n\t\t\t\t\t\t\t\t\t<p><span class=\"s2\">Morada<\/span><\/p>\t\t\t\t\t\t\t\t<\/div>\n\t\t\t\t<\/div>\n\t\t\t\t<div class=\"elementor-element elementor-element-2b18880 elementor-widget elementor-widget-text-editor\" data-id=\"2b18880\" data-element_type=\"widget\" data-widget_type=\"text-editor.default\">\n\t\t\t\t<div class=\"elementor-widget-container\">\n\t\t\t\t\t\t\t\t\t<p class=\"p2\"><span class=\"s2\">Unidade de I&amp;D principal: <\/span><span class=\"s2\">Laborat\u00f3rio HERCULES <\/span><\/p><p class=\"p2\"><span class=\"s2\">Pal\u00e1cio do Vimioso, Largo Marqu\u00eas de Marialva 8<\/span><\/p><p class=\"p2\"><span class=\"s2\">7000-809 \u00c9vora, Portugal<\/span><\/p>\t\t\t\t\t\t\t\t<\/div>\n\t\t\t\t<\/div>\n\t\t\t\t<\/div>\n\t\t\t\t\t<\/div>\n\t\t\t\t<\/div>\n\t\t\t\t<\/div>\n\t\t<div class=\"elementor-element elementor-element-a33a542 e-flex e-con-boxed e-con e-parent\" data-id=\"a33a542\" data-element_type=\"container\">\n\t\t\t\t\t<div class=\"e-con-inner\">\n\t\t<div class=\"elementor-element elementor-element-2b3538c e-con-full e-flex e-con e-child\" data-id=\"2b3538c\" data-element_type=\"container\">\n\t\t\t\t<div class=\"elementor-element elementor-element-e787cb8 elementor-widget elementor-widget-text-editor\" data-id=\"e787cb8\" data-element_type=\"widget\" data-widget_type=\"text-editor.default\">\n\t\t\t\t<div class=\"elementor-widget-container\">\n\t\t\t\t\t\t\t\t\t<p>Equipa de gest\u00e3o de ci\u00eancia e comunica\u00e7\u00e3o<\/p>\t\t\t\t\t\t\t\t<\/div>\n\t\t\t\t<\/div>\n\t\t\t\t<\/div>\n\t\t\t\t\t<\/div>\n\t\t\t\t<\/div>\n\t\t<div class=\"elementor-element elementor-element-1702216 e-flex e-con-boxed e-con e-parent\" data-id=\"1702216\" data-element_type=\"container\">\n\t\t\t\t\t<div class=\"e-con-inner\">\n\t\t<div class=\"elementor-element elementor-element-5ea1c90 e-con-full e-flex e-con e-child\" data-id=\"5ea1c90\" data-element_type=\"container\">\n\t\t\t\t<div class=\"elementor-element elementor-element-e5af044 elementor-widget elementor-widget-text-editor\" data-id=\"e5af044\" data-element_type=\"widget\" data-widget_type=\"text-editor.default\">\n\t\t\t\t<div class=\"elementor-widget-container\">\n\t\t\t\t\t\t\t\t\t<p><span class=\"s2\">GEST\u00c3O DE INVESTIGA\u00c7\u00c3O<\/span><\/p><p><a href=\"https:\/\/www.cienciavitae.pt\/portal\/0613-67FF-B407\" target=\"_blank\" rel=\"noopener\"><strong>Catarina Miguel<\/strong><\/a><\/p><p class=\"p2\"><span class=\"s2\">Email: <\/span><span style=\"text-decoration: underline;\"><span class=\"s1\" style=\"color: #ff0000; text-decoration: underline;\"><a href=\"mailto:in2past@in2past.org\" target=\"_blank\" rel=\"noopener\"><span class=\"s2\">in2past@in2past.org<\/span><\/a><\/span><\/span><\/p>\t\t\t\t\t\t\t\t<\/div>\n\t\t\t\t<\/div>\n\t\t\t\t<\/div>\n\t\t<div class=\"elementor-element elementor-element-da32f7c e-con-full e-flex e-con e-child\" data-id=\"da32f7c\" data-element_type=\"container\">\n\t\t\t\t<div class=\"elementor-element elementor-element-2b6ac4e elementor-widget elementor-widget-text-editor\" data-id=\"2b6ac4e\" data-element_type=\"widget\" data-widget_type=\"text-editor.default\">\n\t\t\t\t<div class=\"elementor-widget-container\">\n\t\t\t\t\t\t\t\t\t<p><span class=\"s2\">COMUNICA\u00c7\u00c3O DE CI\u00caNCIA<\/span><\/p><p><a href=\"https:\/\/www.cienciavitae.pt\/portal\/9016-D1E9-0FD0\" target=\"_blank\" rel=\"noopener\"><strong>Paula Grenha<\/strong><\/a><\/p><p class=\"p2\"><span class=\"s2\">Email: <span style=\"text-decoration: underline;\"><span class=\"s1\" style=\"color: #ff0000; text-decoration: underline;\"><a href=\"mailto:comunica@in2past.org\" target=\"_blank\" rel=\"noopener\">comunica@in2past.org<\/a><\/span><\/span><\/span><\/p>\t\t\t\t\t\t\t\t<\/div>\n\t\t\t\t<\/div>\n\t\t\t\t<\/div>\n\t\t<div class=\"elementor-element elementor-element-d06b354 e-con-full e-flex e-con e-child\" data-id=\"d06b354\" data-element_type=\"container\">\n\t\t\t\t<div class=\"elementor-element elementor-element-5b8507a elementor-widget elementor-widget-text-editor\" data-id=\"5b8507a\" data-element_type=\"widget\" data-widget_type=\"text-editor.default\">\n\t\t\t\t<div class=\"elementor-widget-container\">\n\t\t\t\t\t\t\t\t\t<p><span class=\"s2\">APOIO A EVENTOS<\/span><\/p><p><a href=\"https:\/\/www.cienciavitae.pt\/portal\/B81C-EECF-9CAC\" target=\"_blank\" rel=\"noopener\"><strong>In\u00eas Gomes<\/strong><\/a><\/p>\t\t\t\t\t\t\t\t<\/div>\n\t\t\t\t<\/div>\n\t\t\t\t<\/div>\n\t\t\t\t\t<\/div>\n\t\t\t\t<\/div>\n\t\t<div class=\"elementor-element elementor-element-08931b2 e-flex e-con-boxed e-con e-parent\" data-id=\"08931b2\" data-element_type=\"container\">\n\t\t\t\t\t<div class=\"e-con-inner\">\n\t\t<div class=\"elementor-element elementor-element-7e43f5d e-con-full e-flex e-con e-child\" data-id=\"7e43f5d\" data-element_type=\"container\">\n\t\t\t\t<div class=\"elementor-element elementor-element-1d9ba00 elementor-widget elementor-widget-text-editor\" data-id=\"1d9ba00\" data-element_type=\"widget\" data-widget_type=\"text-editor.default\">\n\t\t\t\t<div class=\"elementor-widget-container\">\n\t\t\t\t\t\t\t\t\t<p>COLABORADORES<\/p><p><strong>Henrique Guerreiro<\/strong><\/p><p class=\"p2\"><span class=\"s2\">(designer, desde 2022)<\/span><\/p>\t\t\t\t\t\t\t\t<\/div>\n\t\t\t\t<\/div>\n\t\t\t\t<\/div>\n\t\t<div class=\"elementor-element elementor-element-e294e07 e-con-full e-flex e-con e-child\" data-id=\"e294e07\" data-element_type=\"container\">\n\t\t\t\t<div class=\"elementor-element elementor-element-c4920ce elementor-widget elementor-widget-text-editor\" data-id=\"c4920ce\" data-element_type=\"widget\" data-widget_type=\"text-editor.default\">\n\t\t\t\t<div class=\"elementor-widget-container\">\n\t\t\t\t\t\t\t\t\t<p><span class=\"s2\">MEMBROS ANTIGOS<\/span><\/p><p><a href=\"https:\/\/www.cienciavitae.pt\/portal\/9713-5D79-50B0\" target=\"_blank\" rel=\"noopener\"><strong>Rita Hasse Ferreira<\/strong><\/a><\/p><p class=\"p2\"><span class=\"s2\">(Ago. 2023 - Jan. 2026)<\/span><\/p>\t\t\t\t\t\t\t\t<\/div>\n\t\t\t\t<\/div>\n\t\t\t\t<\/div>\n\t\t<div class=\"elementor-element elementor-element-7049341 e-con-full e-flex e-con e-child\" data-id=\"7049341\" data-element_type=\"container\">\n\t\t\t\t<div class=\"elementor-element elementor-element-6bdf9ab elementor-widget elementor-widget-text-editor\" data-id=\"6bdf9ab\" data-element_type=\"widget\" data-widget_type=\"text-editor.default\">\n\t\t\t\t<div class=\"elementor-widget-container\">\n\t\t\t\t\t\t\t\t\t<p>\u00a0<\/p><p><a href=\"https:\/\/www.cienciavitae.pt\/portal\/9918-55B3-B5D7\" target=\"_blank\" rel=\"noopener\"><strong>Rita Lu\u00eds<\/strong><\/a><\/p><p class=\"p2\"><span class=\"s2\">maio - Dez. 2025<\/span><\/p>\t\t\t\t\t\t\t\t<\/div>\n\t\t\t\t<\/div>\n\t\t\t\t<\/div>\n\t\t<div class=\"elementor-element elementor-element-e5f6f39 e-con-full e-flex e-con e-child\" data-id=\"e5f6f39\" data-element_type=\"container\">\n\t\t\t\t<div class=\"elementor-element elementor-element-d8ce40a elementor-widget elementor-widget-text-editor\" data-id=\"d8ce40a\" data-element_type=\"widget\" data-widget_type=\"text-editor.default\">\n\t\t\t\t<div class=\"elementor-widget-container\">\n\t\t\t\t\t\t\t\t\t<p class=\"p2\">\u00a0<\/p><p><a href=\"https:\/\/www.cienciavitae.pt\/portal\/7E19-ACAA-EF7D\" target=\"_blank\" rel=\"noopener\"><strong>Jo\u00e3o Louren\u00e7o<\/strong><\/a><\/p><p class=\"p2\"><span class=\"s2\">Set. - Dez. 2025<\/span><\/p>\t\t\t\t\t\t\t\t<\/div>\n\t\t\t\t<\/div>\n\t\t\t\t<\/div>\n\t\t<div class=\"elementor-element elementor-element-e1d9c6f e-con-full e-flex e-con e-child\" data-id=\"e1d9c6f\" data-element_type=\"container\">\n\t\t\t\t<div class=\"elementor-element elementor-element-5ad0fd9 elementor-widget elementor-widget-text-editor\" data-id=\"5ad0fd9\" data-element_type=\"widget\" data-widget_type=\"text-editor.default\">\n\t\t\t\t<div class=\"elementor-widget-container\">\n\t\t\t\t\t\t\t\t\t<p>\u00a0<\/p><p><a href=\"https:\/\/www.cienciavitae.pt\/portal\/6C18-158E-E320\" target=\"_blank\" rel=\"noopener\"><strong>Ricardo Castro<\/strong><\/a><\/p><p class=\"p2\"><span class=\"s2\">2023 - Jan. 2025<\/span><\/p>\t\t\t\t\t\t\t\t<\/div>\n\t\t\t\t<\/div>\n\t\t\t\t<\/div>\n\t\t\t\t\t<\/div>\n\t\t\t\t<\/div>\n\t\t<div class=\"elementor-element elementor-element-3dcb19f e-flex e-con-boxed e-con e-parent\" data-id=\"3dcb19f\" data-element_type=\"container\">\n\t\t\t\t\t<div class=\"e-con-inner\">\n\t\t<div class=\"elementor-element elementor-element-ab611d1 e-con-full e-flex e-con e-child\" data-id=\"ab611d1\" data-element_type=\"container\">\n\t\t\t\t<div class=\"elementor-element elementor-element-6d0db59 elementor-widget elementor-widget-text-editor\" data-id=\"6d0db59\" data-element_type=\"widget\" data-widget_type=\"text-editor.default\">\n\t\t\t\t<div class=\"elementor-widget-container\">\n\t\t\t\t\t\t\t\t\t<p><span class=\"s2\">Moradas<\/span><\/p>\t\t\t\t\t\t\t\t<\/div>\n\t\t\t\t<\/div>\n\t\t\t\t<\/div>\n\t\t\t\t\t<\/div>\n\t\t\t\t<\/div>\n\t\t<div class=\"elementor-element elementor-element-e910538 e-flex e-con-boxed e-con e-parent\" data-id=\"e910538\" data-element_type=\"container\">\n\t\t\t\t\t<div class=\"e-con-inner\">\n\t\t<div class=\"elementor-element elementor-element-d92d976 e-con-full e-flex e-con e-child\" data-id=\"d92d976\" data-element_type=\"container\">\n\t\t\t\t<div class=\"elementor-element elementor-element-60853c2 elementor-widget elementor-widget-text-editor\" data-id=\"60853c2\" data-element_type=\"widget\" data-widget_type=\"text-editor.default\">\n\t\t\t\t<div class=\"elementor-widget-container\">\n\t\t\t\t\t\t\t\t\t<p><span class=\"s2\">Pal\u00e1cio do Vimioso, <br \/>Largo Marqu\u00eas de Marialva 8<br \/><\/span><span class=\"s2\">7000-809 \u00c9vora, Portugal<\/span><\/p>\t\t\t\t\t\t\t\t<\/div>\n\t\t\t\t<\/div>\n\t\t\t\t<\/div>\n\t\t<div class=\"elementor-element elementor-element-e5ce652 e-con-full e-flex e-con e-child\" data-id=\"e5ce652\" data-element_type=\"container\">\n\t\t\t\t<div class=\"elementor-element elementor-element-5228eb3 elementor-widget elementor-widget-text-editor\" data-id=\"5228eb3\" data-element_type=\"widget\" data-widget_type=\"text-editor.default\">\n\t\t\t\t<div class=\"elementor-widget-container\">\n\t\t\t\t\t\t\t\t\t<p>Col\u00e9gio Almada Negreiros<br \/>Campus de Campolide, NOVA FCSH<br \/>1099-085 Lisboa, Portugal<\/p>\t\t\t\t\t\t\t\t<\/div>\n\t\t\t\t<\/div>\n\t\t\t\t<\/div>\n\t\t<div class=\"elementor-element elementor-element-b6a25f0 e-con-full e-flex e-con e-child\" data-id=\"b6a25f0\" data-element_type=\"container\">\n\t\t\t\t<\/div>\n\t\t\t\t\t<\/div>\n\t\t\t\t<\/div>\n\t\t<div class=\"elementor-element elementor-element-6fb6198 e-con-full e-flex e-con e-parent\" data-id=\"6fb6198\" data-element_type=\"container\">\n\t\t\t\t<div class=\"elementor-element elementor-element-cf55466 elementor-widget-divider--view-line elementor-widget elementor-widget-divider\" data-id=\"cf55466\" data-element_type=\"widget\" data-widget_type=\"divider.default\">\n\t\t\t\t<div class=\"elementor-widget-container\">\n\t\t\t\t\t\t\t<div class=\"elementor-divider\">\n\t\t\t<span class=\"elementor-divider-separator\">\n\t\t\t\t\t\t<\/span>\n\t\t<\/div>\n\t\t\t\t\t\t<\/div>\n\t\t\t\t<\/div>\n\t\t\t\t<\/div>\n\t\t\t\t<\/div>","protected":false},"excerpt":{"rendered":"<p>Contacts Email in2past@in2past.org Address Main R&amp;D Unit: HERCULES Laboratory Pal\u00e1cio do Vimioso, Largo Marqu\u00eas de Marialva 8 7000-809 \u00c9vora, Portugal Science and communication management team RESEARCH MANAGEMENT Catarina Miguel Email: in2past@in2past.org SCIENCE COMMUNICATION Paula Grenha Email: comunica@in2past.org EVENTS SUPPORT In\u00eas Gomes COLLABORATORS Henrique Guerreiro (designer, since 2022) FORMER MEMBERS Rita Hasse Ferreira (Aug. 2023 \u2013 [&hellip;]<\/p>","protected":false},"author":1,"featured_media":0,"parent":0,"menu_order":0,"comment_status":"closed","ping_status":"closed","template":"elementor_header_footer","meta":{"footnotes":""},"class_list":["post-4558","page","type-page","status-publish","hentry"],"_links":{"self":[{"href":"https:\/\/in2past.org\/pt\/wp-json\/wp\/v2\/pages\/4558","targetHints":{"allow":["GET"]}}],"collection":[{"href":"https:\/\/in2past.org\/pt\/wp-json\/wp\/v2\/pages"}],"about":[{"href":"https:\/\/in2past.org\/pt\/wp-json\/wp\/v2\/types\/page"}],"author":[{"embeddable":true,"href":"https:\/\/in2past.org\/pt\/wp-json\/wp\/v2\/users\/1"}],"replies":[{"embeddable":true,"href":"https:\/\/in2past.org\/pt\/wp-json\/wp\/v2\/comments?post=4558"}],"version-history":[{"count":129,"href":"https:\/\/in2past.org\/pt\/wp-json\/wp\/v2\/pages\/4558\/revisions"}],"predecessor-version":[{"id":21010,"href":"https:\/\/in2past.org\/pt\/wp-json\/wp\/v2\/pages\/4558\/revisions\/21010"}],"wp:attachment":[{"href":"https:\/\/in2past.org\/pt\/wp-json\/wp\/v2\/media?parent=4558"}],"curies":[{"name":"wp","href":"https:\/\/api.w.org\/{rel}","templated":true}]}}