{"id":330,"date":"2023-07-22T18:56:57","date_gmt":"2023-07-22T18:56:57","guid":{"rendered":"https:\/\/in2past.org\/?page_id=330"},"modified":"2026-01-23T16:58:39","modified_gmt":"2026-01-23T16:58:39","slug":"advanced-studies","status":"publish","type":"page","link":"https:\/\/in2past.org\/pt\/advanced-studies\/","title":{"rendered":"Forma\u00e7\u00e3o Avan\u00e7ada"},"content":{"rendered":"<div data-elementor-type=\"wp-page\" data-elementor-id=\"330\" class=\"elementor elementor-330\" data-elementor-post-type=\"page\">\n\t\t\t\t<div class=\"elementor-element elementor-element-24d24a1 e-flex e-con-boxed e-con e-parent\" data-id=\"24d24a1\" data-element_type=\"container\">\n\t\t\t\t\t<div class=\"e-con-inner\">\n\t\t\t\t<div class=\"elementor-element elementor-element-5cbcabd elementor-widget elementor-widget-heading\" data-id=\"5cbcabd\" data-element_type=\"widget\" data-widget_type=\"heading.default\">\n\t\t\t\t<div class=\"elementor-widget-container\">\n\t\t\t\t\t<h2 class=\"elementor-heading-title elementor-size-default\">Forma\u00e7\u00e3o Avan\u00e7ada<\/h2>\t\t\t\t<\/div>\n\t\t\t\t<\/div>\n\t\t\t\t\t<\/div>\n\t\t\t\t<\/div>\n\t\t<div class=\"elementor-element elementor-element-18d023a e-flex e-con-boxed e-con e-parent\" data-id=\"18d023a\" data-element_type=\"container\">\n\t\t\t\t\t<div class=\"e-con-inner\">\n\t\t\t\t<div class=\"elementor-element elementor-element-42ce738 elementor-widget elementor-widget-heading\" data-id=\"42ce738\" data-element_type=\"widget\" data-widget_type=\"heading.default\">\n\t\t\t\t<div class=\"elementor-widget-container\">\n\t\t\t\t\t<h2 class=\"elementor-heading-title elementor-size-default\">Atrav\u00e9s das suas sete unidades de investiga\u00e7\u00e3o, o IN2PAST est\u00e1 associado a v\u00e1rios programas de doutoramento e acolhe tamb\u00e9m diretamente bolseiros de doutoramento da FCT. O IN2PAST tem um Grupo de Trabalho para a Forma\u00e7\u00e3o Doutoral, uma Escola Doutoral anual (Boot Camp) e a Rede Doutoral do IN2PAST, lan\u00e7ada no ano letivo 2025-26.<\/h2>\t\t\t\t<\/div>\n\t\t\t\t<\/div>\n\t\t\t\t\t<\/div>\n\t\t\t\t<\/div>\n\t\t<div class=\"elementor-element elementor-element-4479bda e-flex e-con-boxed elementor-invisible e-con e-parent\" data-id=\"4479bda\" data-element_type=\"container\" data-settings=\"{&quot;animation&quot;:&quot;fadeInUp&quot;}\">\n\t\t\t\t\t<div class=\"e-con-inner\">\n\t\t<div class=\"elementor-element elementor-element-058e580 e-con-full e-flex e-con e-child\" data-id=\"058e580\" data-element_type=\"container\">\n\t\t\t\t<div class=\"elementor-element elementor-element-61e4c52 elementor-widget elementor-widget-heading\" data-id=\"61e4c52\" data-element_type=\"widget\" data-widget_type=\"heading.default\">\n\t\t\t\t<div class=\"elementor-widget-container\">\n\t\t\t\t\t<h2 class=\"elementor-heading-title elementor-size-default\">Rede Doutoral do IN2PAST<\/h2>\t\t\t\t<\/div>\n\t\t\t\t<\/div>\n\t\t\t\t<div class=\"elementor-element elementor-element-f60aa31 elementor-widget elementor-widget-text-editor\" data-id=\"f60aa31\" data-element_type=\"widget\" data-widget_type=\"text-editor.default\">\n\t\t\t\t<div class=\"elementor-widget-container\">\n\t\t\t\t\t\t\t\t\t<p>A Rede Doutoral do IN2PAST prop\u00f5e uma oferta curricular adicional e \u00fanica, a participa\u00e7\u00e3o na Escola Doutoral anual do laborat\u00f3rio associado (Boot Camp) e o acesso a Bolsas de Doutoramento do IN2PAST.<\/p>\t\t\t\t\t\t\t\t<\/div>\n\t\t\t\t<\/div>\n\t\t\t\t<div class=\"elementor-element elementor-element-24a0e68 elementor-align-left elementor-mobile-align-center elementor-widget elementor-widget-button\" data-id=\"24a0e68\" data-element_type=\"widget\" data-widget_type=\"button.default\">\n\t\t\t\t<div class=\"elementor-widget-container\">\n\t\t\t\t\t\t\t\t\t<div class=\"elementor-button-wrapper\">\n\t\t\t\t\t<a class=\"elementor-button elementor-button-link elementor-size-xs elementor-animation-shrink\" href=\"https:\/\/in2past.org\/pt\/in2past-phd-network\/\">\n\t\t\t\t\t\t<span class=\"elementor-button-content-wrapper\">\n\t\t\t\t\t\t\t\t\t<span class=\"elementor-button-text\">Ver mais<\/span>\n\t\t\t\t\t<\/span>\n\t\t\t\t\t<\/a>\n\t\t\t\t<\/div>\n\t\t\t\t\t\t\t\t<\/div>\n\t\t\t\t<\/div>\n\t\t\t\t<\/div>\n\t\t<div class=\"elementor-element elementor-element-e0c4027 e-con-full e-flex e-con e-child\" data-id=\"e0c4027\" data-element_type=\"container\">\n\t\t\t\t<div class=\"elementor-element elementor-element-3d0d935 elementor-widget elementor-widget-heading\" data-id=\"3d0d935\" data-element_type=\"widget\" data-widget_type=\"heading.default\">\n\t\t\t\t<div class=\"elementor-widget-container\">\n\t\t\t\t\t<h2 class=\"elementor-heading-title elementor-size-default\">In2Future Boot Camp<\/h2>\t\t\t\t<\/div>\n\t\t\t\t<\/div>\n\t\t\t\t<div class=\"elementor-element elementor-element-626a4dd elementor-widget elementor-widget-text-editor\" data-id=\"626a4dd\" data-element_type=\"widget\" data-widget_type=\"text-editor.default\">\n\t\t\t\t<div class=\"elementor-widget-container\">\n\t\t\t\t\t\t\t\t\t<p>O IN2PAST realiza anualmente uma escola de doutoramento em \u00c9vora, o In2Future Boot Camp, organizado e participado por <a href=\"https:\/\/in2past.org\/pt\/events\/phd-in-anthropology-picm-2026-27\/\">Doutoramento<\/a> estudantes associados \u00e0s suas sete unidades de investiga\u00e7\u00e3o.<\/p>\t\t\t\t\t\t\t\t<\/div>\n\t\t\t\t<\/div>\n\t\t\t\t<div class=\"elementor-element elementor-element-2f8f794 elementor-align-right elementor-mobile-align-center elementor-widget elementor-widget-button\" data-id=\"2f8f794\" data-element_type=\"widget\" data-widget_type=\"button.default\">\n\t\t\t\t<div class=\"elementor-widget-container\">\n\t\t\t\t\t\t\t\t\t<div class=\"elementor-button-wrapper\">\n\t\t\t\t\t<a class=\"elementor-button elementor-button-link elementor-size-xs elementor-animation-shrink\" href=\"https:\/\/in2past.org\/pt\/in2future-boot-camp\/\">\n\t\t\t\t\t\t<span class=\"elementor-button-content-wrapper\">\n\t\t\t\t\t\t\t\t\t<span class=\"elementor-button-text\">Ver mais<\/span>\n\t\t\t\t\t<\/span>\n\t\t\t\t\t<\/a>\n\t\t\t\t<\/div>\n\t\t\t\t\t\t\t\t<\/div>\n\t\t\t\t<\/div>\n\t\t\t\t<\/div>\n\t\t<div class=\"elementor-element elementor-element-23c4519 e-con-full e-flex e-con e-child\" data-id=\"23c4519\" data-element_type=\"container\">\n\t\t\t\t<div class=\"elementor-element elementor-element-3fdd83f elementor-widget elementor-widget-heading\" data-id=\"3fdd83f\" data-element_type=\"widget\" data-widget_type=\"heading.default\">\n\t\t\t\t<div class=\"elementor-widget-container\">\n\t\t\t\t\t<h2 class=\"elementor-heading-title elementor-size-default\">Doutoramentos<\/h2>\t\t\t\t<\/div>\n\t\t\t\t<\/div>\n\t\t\t\t<div class=\"elementor-element elementor-element-e6e0a5b elementor-widget elementor-widget-text-editor\" data-id=\"e6e0a5b\" data-element_type=\"widget\" data-widget_type=\"text-editor.default\">\n\t\t\t\t<div class=\"elementor-widget-container\">\n\t\t\t\t\t\t\t\t\t<p>O IN2PAST est\u00e1 associado a mais de 20 programas de doutoramento em cinco universidades, com mais de 300 projetos de investiga\u00e7\u00e3o de doutoramento em curso a cada momento.<\/p>\t\t\t\t\t\t\t\t<\/div>\n\t\t\t\t<\/div>\n\t\t\t\t<div class=\"elementor-element elementor-element-c7a9ec1 elementor-align-left elementor-mobile-align-center elementor-widget elementor-widget-button\" data-id=\"c7a9ec1\" data-element_type=\"widget\" data-widget_type=\"button.default\">\n\t\t\t\t<div class=\"elementor-widget-container\">\n\t\t\t\t\t\t\t\t\t<div class=\"elementor-button-wrapper\">\n\t\t\t\t\t<a class=\"elementor-button elementor-button-link elementor-size-xs elementor-animation-shrink\" href=\"https:\/\/in2past.org\/pt\/phd-programmes\/\">\n\t\t\t\t\t\t<span class=\"elementor-button-content-wrapper\">\n\t\t\t\t\t\t\t\t\t<span class=\"elementor-button-text\">Ver mais<\/span>\n\t\t\t\t\t<\/span>\n\t\t\t\t\t<\/a>\n\t\t\t\t<\/div>\n\t\t\t\t\t\t\t\t<\/div>\n\t\t\t\t<\/div>\n\t\t\t\t<\/div>\n\t\t\t\t\t<\/div>\n\t\t\t\t<\/div>\n\t\t\t\t<\/div>","protected":false},"excerpt":{"rendered":"<p>Estudos Avan\u00e7ados Atrav\u00e9s das suas sete unidades de investiga\u00e7\u00e3o, o IN2PAST est\u00e1 associado a v\u00e1rios programas de doutoramento e acolhe tamb\u00e9m diretamente titulares de Bolsas de Doutoramento em Ambiente N\u00e3o Acad\u00e9mico. O IN2PAST tem um Grupo de Trabalho para a Forma\u00e7\u00e3o Doutoral, uma Escola Doutoral anual (Boot Camp) e a Rede Doutoral IN2PAST, lan\u00e7ada no ano letivo 2025-26. Rede Doutoral IN2PAST A Rede Doutoral IN2PAST [...]<\/p>","protected":false},"author":1,"featured_media":0,"parent":0,"menu_order":0,"comment_status":"closed","ping_status":"closed","template":"elementor_header_footer","meta":{"footnotes":""},"class_list":["post-330","page","type-page","status-publish","hentry"],"_links":{"self":[{"href":"https:\/\/in2past.org\/pt\/wp-json\/wp\/v2\/pages\/330","targetHints":{"allow":["GET"]}}],"collection":[{"href":"https:\/\/in2past.org\/pt\/wp-json\/wp\/v2\/pages"}],"about":[{"href":"https:\/\/in2past.org\/pt\/wp-json\/wp\/v2\/types\/page"}],"author":[{"embeddable":true,"href":"https:\/\/in2past.org\/pt\/wp-json\/wp\/v2\/users\/1"}],"replies":[{"embeddable":true,"href":"https:\/\/in2past.org\/pt\/wp-json\/wp\/v2\/comments?post=330"}],"version-history":[{"count":247,"href":"https:\/\/in2past.org\/pt\/wp-json\/wp\/v2\/pages\/330\/revisions"}],"predecessor-version":[{"id":20410,"href":"https:\/\/in2past.org\/pt\/wp-json\/wp\/v2\/pages\/330\/revisions\/20410"}],"wp:attachment":[{"href":"https:\/\/in2past.org\/pt\/wp-json\/wp\/v2\/media?parent=330"}],"curies":[{"name":"wp","href":"https:\/\/api.w.org\/{rel}","templated":true}]}}