{"id":17909,"date":"2025-12-28T18:40:49","date_gmt":"2025-12-28T18:40:49","guid":{"rendered":"https:\/\/in2past.org\/?page_id=17909"},"modified":"2026-03-16T16:34:36","modified_gmt":"2026-03-16T16:34:36","slug":"in2future-boot-camp","status":"publish","type":"page","link":"https:\/\/in2past.org\/pt\/in2future-boot-camp\/","title":{"rendered":"In2Future Boot Camp"},"content":{"rendered":"<div data-elementor-type=\"wp-page\" data-elementor-id=\"17909\" class=\"elementor elementor-17909\" data-elementor-post-type=\"page\">\n\t\t\t\t<div class=\"elementor-element elementor-element-a8bc04d e-flex e-con-boxed e-con e-parent\" data-id=\"a8bc04d\" data-element_type=\"container\">\n\t\t\t\t\t<div class=\"e-con-inner\">\n\t\t<div class=\"elementor-element elementor-element-dc36de0 e-con-full e-flex e-con e-child\" data-id=\"dc36de0\" data-element_type=\"container\" data-settings=\"{&quot;animation_mobile&quot;:&quot;fadeInLeft&quot;}\">\n\t\t\t\t<div class=\"elementor-element elementor-element-ef265f1 elementor-widget elementor-widget-heading\" data-id=\"ef265f1\" data-element_type=\"widget\" data-widget_type=\"heading.default\">\n\t\t\t\t<div class=\"elementor-widget-container\">\n\t\t\t\t\t<h2 class=\"elementor-heading-title elementor-size-default\">In2Future Boot Camp<\/h2>\t\t\t\t<\/div>\n\t\t\t\t<\/div>\n\t\t\t\t<div class=\"elementor-element elementor-element-c7e64ef elementor-widget elementor-widget-text-editor\" data-id=\"c7e64ef\" data-element_type=\"widget\" data-widget_type=\"text-editor.default\">\n\t\t\t\t<div class=\"elementor-widget-container\">\n\t\t\t\t\t\t\t\t\t<p>A Escola Doutoral anual do IN2PAST, In2Future Boot Camp, foi lan\u00e7ada em 2024 como um laborat\u00f3rio interdisciplinar imersivo para investiga\u00e7\u00e3o colaborativa e experimental sobre diferentes aspetos dos estudos e pr\u00e1ticas do patrim\u00f3nio.<span class=\"Apple-converted-space\">\u00a0<\/span><\/p><p>Na sequ\u00eancia de um convite \u00e0 apresenta\u00e7\u00e3o de candidaturas, foram selecionados <a href=\"https:\/\/in2past.org\/pt\/events\/phd-in-anthropology-picm-2026-27\/\">Doutoramento<\/a> Os candidatos dos centros de investiga\u00e7\u00e3o que integram o IN2PAST re\u00fanem-se durante uma semana para actividades intensivas e diversificadas, que culminam com uma apresenta\u00e7\u00e3o p\u00fablica dos resultados obtidos. As despesas de desloca\u00e7\u00e3o e alojamento s\u00e3o cobertas pelo or\u00e7amento do IN2PAST. Espera-se tamb\u00e9m que os participantes levem a experi\u00eancia e os resultados do Boot Camp para os seus centros.<\/p>\t\t\t\t\t\t\t\t<\/div>\n\t\t\t\t<\/div>\n\t\t\t\t<\/div>\n\t\t<div class=\"elementor-element elementor-element-6403536 e-con-full e-flex e-con e-child\" data-id=\"6403536\" data-element_type=\"container\" data-settings=\"{&quot;animation&quot;:&quot;none&quot;,&quot;animation_mobile&quot;:&quot;fadeInUp&quot;}\">\n\t\t\t\t<div class=\"elementor-element elementor-element-13f9095 elementor-widget elementor-widget-video\" data-id=\"13f9095\" data-element_type=\"widget\" data-settings=\"{&quot;video_type&quot;:&quot;hosted&quot;,&quot;autoplay&quot;:&quot;yes&quot;,&quot;loop&quot;:&quot;yes&quot;,&quot;_animation_mobile&quot;:&quot;none&quot;,&quot;_animation&quot;:&quot;none&quot;}\" data-widget_type=\"video.default\">\n\t\t\t\t<div class=\"elementor-widget-container\">\n\t\t\t\t\t\t\t<div class=\"e-hosted-video elementor-wrapper elementor-open-inline\">\n\t\t\t\t\t<video class=\"elementor-video\" src=\"https:\/\/in2past.org\/wp-content\/uploads\/2026\/01\/Animacao-In2future-2026-02.mp4\" autoplay=\"\" loop=\"\" controlslist=\"nodownload\"><\/video>\n\t\t\t\t<\/div>\n\t\t\t\t\t\t<\/div>\n\t\t\t\t<\/div>\n\t\t\t\t<\/div>\n\t\t\t\t\t<\/div>\n\t\t\t\t<\/div>\n\t\t<div class=\"elementor-element elementor-element-9f0930c e-flex e-con-boxed elementor-invisible e-con e-parent\" data-id=\"9f0930c\" data-element_type=\"container\" data-settings=\"{&quot;background_background&quot;:&quot;classic&quot;,&quot;animation&quot;:&quot;fadeInUp&quot;}\">\n\t\t\t\t\t<div class=\"e-con-inner\">\n\t\t<div class=\"elementor-element elementor-element-1833a9d e-con-full e-flex e-con e-child\" data-id=\"1833a9d\" data-element_type=\"container\">\n\t\t\t\t<div class=\"elementor-element elementor-element-9517802 elementor-widget elementor-widget-heading\" data-id=\"9517802\" data-element_type=\"widget\" data-settings=\"{&quot;_animation&quot;:&quot;none&quot;}\" data-widget_type=\"heading.default\">\n\t\t\t\t<div class=\"elementor-widget-container\">\n\t\t\t\t\t<h2 class=\"elementor-heading-title elementor-size-default\">IN2FUTURE BOOT CAMP 2024<\/h2>\t\t\t\t<\/div>\n\t\t\t\t<\/div>\n\t\t\t\t<div class=\"elementor-element elementor-element-8edf419 elementor-widget elementor-widget-text-editor\" data-id=\"8edf419\" data-element_type=\"widget\" data-settings=\"{&quot;_animation_mobile&quot;:&quot;none&quot;}\" data-widget_type=\"text-editor.default\">\n\t\t\t\t<div class=\"elementor-widget-container\">\n\t\t\t\t\t\t\t\t\t<p>A primeira edi\u00e7\u00e3o do Boot Camp, subordinada ao tema \"Para uma ecologia das pr\u00e1ticas patrimoniais\", teve lugar em \u00c9vora, de 18 a 24 de maio de 2024, em parceria com o <a href=\"https:\/\/festivalimaterial.pt\/en\/\">Festival Imaterial<\/a> e <a href=\"https:\/\/www.evora2027.com\/en\/\">\u00c9vora 27 \u2013 Capital Europeia da Cultura<\/a>, e o apoio do programa doutoral HERITAS \u2013 Estudos do Patrim\u00f3nio, da Universidade de \u00c9vora (U\u00c9vora) e do IIFA.<span class=\"Apple-converted-space\">\u00a0<\/span><\/p>\t\t\t\t\t\t\t\t<\/div>\n\t\t\t\t<\/div>\n\t\t\t\t<div class=\"elementor-element elementor-element-ef613a1 elementor-align-left elementor-mobile-align-center elementor-widget elementor-widget-button\" data-id=\"ef613a1\" data-element_type=\"widget\" data-widget_type=\"button.default\">\n\t\t\t\t<div class=\"elementor-widget-container\">\n\t\t\t\t\t\t\t\t\t<div class=\"elementor-button-wrapper\">\n\t\t\t\t\t<a class=\"elementor-button elementor-button-link elementor-size-xs elementor-animation-shrink\" href=\"https:\/\/in2past.org\/pt\/news\/in2future-boot-camp-towards-an-ecology-of-heritage-practices\/\">\n\t\t\t\t\t\t<span class=\"elementor-button-content-wrapper\">\n\t\t\t\t\t\t\t\t\t<span class=\"elementor-button-text\">Saiba mais<\/span>\n\t\t\t\t\t<\/span>\n\t\t\t\t\t<\/a>\n\t\t\t\t<\/div>\n\t\t\t\t\t\t\t\t<\/div>\n\t\t\t\t<\/div>\n\t\t\t\t<\/div>\n\t\t<div class=\"elementor-element elementor-element-1580aa4 e-con-full e-flex e-con e-child\" data-id=\"1580aa4\" data-element_type=\"container\">\n\t\t\t\t<div class=\"elementor-element elementor-element-fcec98c elementor-widget elementor-widget-heading\" data-id=\"fcec98c\" data-element_type=\"widget\" data-settings=\"{&quot;_animation&quot;:&quot;none&quot;}\" data-widget_type=\"heading.default\">\n\t\t\t\t<div class=\"elementor-widget-container\">\n\t\t\t\t\t<h2 class=\"elementor-heading-title elementor-size-default\">IN2FUTURE BOOT CAMP 2025<\/h2>\t\t\t\t<\/div>\n\t\t\t\t<\/div>\n\t\t\t\t<div class=\"elementor-element elementor-element-bcdc27a elementor-widget elementor-widget-text-editor\" data-id=\"bcdc27a\" data-element_type=\"widget\" data-settings=\"{&quot;_animation_mobile&quot;:&quot;none&quot;}\" data-widget_type=\"text-editor.default\">\n\t\t\t\t<div class=\"elementor-widget-container\">\n\t\t\t\t\t\t\t\t\t<p>O segundo Boot Camp, subordinado ao tema \"Patrim\u00f3nio comum: a vincula\u00e7\u00e3o associativa nos interst\u00edcios da vida social\", decorreu em \u00c9vora de 19 a 24 de maio de 2025, em parceria com \u00c9vora_27 e com o apoio da U\u00c9vora, do IIFA, da Sociedade Uni\u00e3o Eborense \"Bota Rasa\", da Funda\u00e7\u00e3o Eug\u00e9nio de Almeida e da C\u00e2mara Municipal de \u00c9vora.<\/p>\t\t\t\t\t\t\t\t<\/div>\n\t\t\t\t<\/div>\n\t\t\t\t<div class=\"elementor-element elementor-element-5939ae5 elementor-align-left elementor-mobile-align-center elementor-widget elementor-widget-button\" data-id=\"5939ae5\" data-element_type=\"widget\" data-widget_type=\"button.default\">\n\t\t\t\t<div class=\"elementor-widget-container\">\n\t\t\t\t\t\t\t\t\t<div class=\"elementor-button-wrapper\">\n\t\t\t\t\t<a class=\"elementor-button elementor-button-link elementor-size-xs elementor-animation-shrink\" href=\"https:\/\/in2past.org\/pt\/events\/in2future-boot-camp-2025-on-common-heritage\/\">\n\t\t\t\t\t\t<span class=\"elementor-button-content-wrapper\">\n\t\t\t\t\t\t\t\t\t<span class=\"elementor-button-text\">Saiba mais<\/span>\n\t\t\t\t\t<\/span>\n\t\t\t\t\t<\/a>\n\t\t\t\t<\/div>\n\t\t\t\t\t\t\t\t<\/div>\n\t\t\t\t<\/div>\n\t\t\t\t<\/div>\n\t\t\t\t\t<\/div>\n\t\t\t\t<\/div>\n\t\t<div class=\"elementor-element elementor-element-8d35d54 e-flex e-con-boxed elementor-invisible e-con e-parent\" data-id=\"8d35d54\" data-element_type=\"container\" data-settings=\"{&quot;animation&quot;:&quot;fadeInUp&quot;}\">\n\t\t\t\t\t<div class=\"e-con-inner\">\n\t\t\t\t<div class=\"elementor-element elementor-element-ef2175d elementor-widget elementor-widget-text-editor\" data-id=\"ef2175d\" data-element_type=\"widget\" data-widget_type=\"text-editor.default\">\n\t\t\t\t<div class=\"elementor-widget-container\">\n\t\t\t\t\t\t\t\t\t<p><strong>FOTOS ACIMA<\/strong> Cantares de \u00c9vora (grupo de Cante Alentejano), jantar de boas-vindas do Boot Camp, 19 de maio de 2025, \u00c9vora \u00a9 Teresa Reis | Visita guiada com Lu\u00eds Souza (UFMG \/ IN2PAST Brasil), Funda\u00e7\u00e3o Eug\u00e9nio de Almeida, \u00c9vora, 19 de maio de 2025 \u00a9 Teresa Reis | Participantes do Boot Camp em reuni\u00e3o de grupo, Pal\u00e1cio Vimioso, \u00c9vora, 20 de maio de 2024 \u00a9 Rita Hasse Ferreira | Apresenta\u00e7\u00e3o dos resultados do Boot Camp na \"Bota Rasa\", \u00c9vora, 23 de maio de 2025 \u00a9 Rita Hasse Ferreira | Palestra inspiradora de Nathan Schlangler, Pal\u00e1cio de Dom Manuel, \u00c9vora, 20 de maio de 2025 \u00a9 Sara Valadas<\/p>\t\t\t\t\t\t\t\t<\/div>\n\t\t\t\t<\/div>\n\t\t\t\t\t<\/div>\n\t\t\t\t<\/div>\n\t\t<div class=\"elementor-element elementor-element-4e84d31 e-flex e-con-boxed elementor-invisible e-con e-parent\" data-id=\"4e84d31\" data-element_type=\"container\" data-settings=\"{&quot;animation&quot;:&quot;fadeInUp&quot;}\">\n\t\t\t\t\t<div class=\"e-con-inner\">\n\t\t<div class=\"elementor-element elementor-element-62c404f e-con-full e-flex e-con e-child\" data-id=\"62c404f\" data-element_type=\"container\">\n\t\t\t\t<div class=\"elementor-element elementor-element-c10ae1e elementor-align-center elementor-mobile-align-right elementor-widget elementor-widget-button\" data-id=\"c10ae1e\" data-element_type=\"widget\" data-widget_type=\"button.default\">\n\t\t\t\t<div class=\"elementor-widget-container\">\n\t\t\t\t\t\t\t\t\t<div class=\"elementor-button-wrapper\">\n\t\t\t\t\t<a class=\"elementor-button elementor-button-link elementor-size-xs elementor-animation-shrink\" href=\"https:\/\/in2past.org\/pt\/phd-programmes\/\">\n\t\t\t\t\t\t<span class=\"elementor-button-content-wrapper\">\n\t\t\t\t\t\t\t\t\t<span class=\"elementor-button-text\">Doutoramentos<\/span>\n\t\t\t\t\t<\/span>\n\t\t\t\t\t<\/a>\n\t\t\t\t<\/div>\n\t\t\t\t\t\t\t\t<\/div>\n\t\t\t\t<\/div>\n\t\t\t\t<\/div>\n\t\t<div class=\"elementor-element elementor-element-dc68cb5 e-con-full e-flex e-con e-child\" data-id=\"dc68cb5\" data-element_type=\"container\">\n\t\t\t\t<div class=\"elementor-element elementor-element-ed93f92 elementor-align-center elementor-mobile-align-center elementor-widget elementor-widget-button\" data-id=\"ed93f92\" data-element_type=\"widget\" data-widget_type=\"button.default\">\n\t\t\t\t<div class=\"elementor-widget-container\">\n\t\t\t\t\t\t\t\t\t<div class=\"elementor-button-wrapper\">\n\t\t\t\t\t<a class=\"elementor-button elementor-button-link elementor-size-xs elementor-animation-shrink\" href=\"https:\/\/in2past.org\/pt\/in2past-phd-network\/\">\n\t\t\t\t\t\t<span class=\"elementor-button-content-wrapper\">\n\t\t\t\t\t\t\t\t\t<span class=\"elementor-button-text\">Rede Doutoral do IN2PAST<\/span>\n\t\t\t\t\t<\/span>\n\t\t\t\t\t<\/a>\n\t\t\t\t<\/div>\n\t\t\t\t\t\t\t\t<\/div>\n\t\t\t\t<\/div>\n\t\t\t\t<\/div>\n\t\t\t\t\t<\/div>\n\t\t\t\t<\/div>\n\t\t\t\t<\/div>","protected":false},"excerpt":{"rendered":"<p>In2Future Boot Camp IN2PAST\u2019s annual Doctoral School, the In2Future Boot Camp, was launched in 2024 as an immersive interdisciplinary laboratory for collaborative and experimental research regarding different aspects of heritage studies and practices.\u00a0 Following a call for applications, selected PhD candidates from the research centres that make up IN2PAST meet for one week of intensive [&hellip;]<\/p>","protected":false},"author":1,"featured_media":0,"parent":0,"menu_order":0,"comment_status":"closed","ping_status":"closed","template":"","meta":{"footnotes":""},"class_list":["post-17909","page","type-page","status-publish","hentry"],"_links":{"self":[{"href":"https:\/\/in2past.org\/pt\/wp-json\/wp\/v2\/pages\/17909","targetHints":{"allow":["GET"]}}],"collection":[{"href":"https:\/\/in2past.org\/pt\/wp-json\/wp\/v2\/pages"}],"about":[{"href":"https:\/\/in2past.org\/pt\/wp-json\/wp\/v2\/types\/page"}],"author":[{"embeddable":true,"href":"https:\/\/in2past.org\/pt\/wp-json\/wp\/v2\/users\/1"}],"replies":[{"embeddable":true,"href":"https:\/\/in2past.org\/pt\/wp-json\/wp\/v2\/comments?post=17909"}],"version-history":[{"count":107,"href":"https:\/\/in2past.org\/pt\/wp-json\/wp\/v2\/pages\/17909\/revisions"}],"predecessor-version":[{"id":20925,"href":"https:\/\/in2past.org\/pt\/wp-json\/wp\/v2\/pages\/17909\/revisions\/20925"}],"wp:attachment":[{"href":"https:\/\/in2past.org\/pt\/wp-json\/wp\/v2\/media?parent=17909"}],"curies":[{"name":"wp","href":"https:\/\/api.w.org\/{rel}","templated":true}]}}