{"id":1644,"date":"2023-10-02T15:34:02","date_gmt":"2023-10-02T15:34:02","guid":{"rendered":"https:\/\/in2past.org\/?page_id=1644"},"modified":"2026-01-23T00:06:21","modified_gmt":"2026-01-23T00:06:21","slug":"events","status":"publish","type":"page","link":"https:\/\/in2past.org\/pt\/events\/","title":{"rendered":"Agenda"},"content":{"rendered":"<div data-elementor-type=\"wp-page\" data-elementor-id=\"1644\" class=\"elementor elementor-1644\" data-elementor-post-type=\"page\">\n\t\t\t\t<div class=\"elementor-element elementor-element-8ef26b5 e-flex e-con-boxed e-con e-parent\" data-id=\"8ef26b5\" data-element_type=\"container\">\n\t\t\t\t\t<div class=\"e-con-inner\">\n\t\t<div class=\"elementor-element elementor-element-c0d3130 e-con-full e-flex e-con e-child\" data-id=\"c0d3130\" data-element_type=\"container\">\n\t\t\t\t<div class=\"elementor-element elementor-element-0b9afbb elementor-widget elementor-widget-heading\" data-id=\"0b9afbb\" data-element_type=\"widget\" data-widget_type=\"heading.default\">\n\t\t\t\t<div class=\"elementor-widget-container\">\n\t\t\t\t\t<h2 class=\"elementor-heading-title elementor-size-default\">Agenda<\/h2>\t\t\t\t<\/div>\n\t\t\t\t<\/div>\n\t\t\t\t<\/div>\n\t\t\t\t\t<\/div>\n\t\t\t\t<\/div>\n\t\t<div class=\"elementor-element elementor-element-537e056 e-flex e-con-boxed e-con e-parent\" data-id=\"537e056\" data-element_type=\"container\">\n\t\t\t\t\t<div class=\"e-con-inner\">\n\t\t\t\t<div class=\"elementor-element elementor-element-bba6d58 elementor-grid-5 elementor-posts--align-left elementor-grid-tablet-3 elementor-grid-mobile-1 elementor-posts--thumbnail-top elementor-card-shadow-yes elementor-posts__hover-gradient load-more-align-center elementor-widget elementor-widget-posts\" data-id=\"bba6d58\" data-element_type=\"widget\" data-settings=\"{&quot;cards_columns&quot;:&quot;5&quot;,&quot;cards_row_gap&quot;:{&quot;unit&quot;:&quot;px&quot;,&quot;size&quot;:20,&quot;sizes&quot;:[]},&quot;pagination_type&quot;:&quot;load_more_on_click&quot;,&quot;cards_columns_tablet&quot;:&quot;3&quot;,&quot;cards_columns_mobile&quot;:&quot;1&quot;,&quot;cards_row_gap_tablet&quot;:{&quot;unit&quot;:&quot;px&quot;,&quot;size&quot;:&quot;&quot;,&quot;sizes&quot;:[]},&quot;cards_row_gap_mobile&quot;:{&quot;unit&quot;:&quot;px&quot;,&quot;size&quot;:&quot;&quot;,&quot;sizes&quot;:[]},&quot;load_more_spinner&quot;:{&quot;value&quot;:&quot;fas fa-spinner&quot;,&quot;library&quot;:&quot;fa-solid&quot;}}\" data-widget_type=\"posts.cards\">\n\t\t\t\t<div class=\"elementor-widget-container\">\n\t\t\t\t\t\t\t<div class=\"elementor-posts-container elementor-posts elementor-posts--skin-cards elementor-grid\" role=\"list\">\n\t\t\t\t<article class=\"elementor-post elementor-grid-item post-21192 post type-post status-publish format-standard has-post-thumbnail hentry category-events\" role=\"listitem\">\n\t\t\t<div class=\"elementor-post__card\">\n\t\t\t\t<a class=\"elementor-post__thumbnail__link\" href=\"https:\/\/in2past.org\/pt\/events\/inart2026\/\" tabindex=\"-1\" ><div class=\"elementor-post__thumbnail\"><img fetchpriority=\"high\" decoding=\"async\" width=\"800\" height=\"301\" src=\"https:\/\/in2past.org\/wp-content\/uploads\/2026\/03\/logo-inart2026-03-03.3-1-1920x722.png\" class=\"elementor-animation-shrink attachment-large size-large wp-image-21194\" alt=\"\" srcset=\"https:\/\/in2past.org\/wp-content\/uploads\/2026\/03\/logo-inart2026-03-03.3-1-1920x722.png 1920w, https:\/\/in2past.org\/wp-content\/uploads\/2026\/03\/logo-inart2026-03-03.3-1-300x113.png 300w, https:\/\/in2past.org\/wp-content\/uploads\/2026\/03\/logo-inart2026-03-03.3-1-768x289.png 768w, https:\/\/in2past.org\/wp-content\/uploads\/2026\/03\/logo-inart2026-03-03.3-1-1536x578.png 1536w, https:\/\/in2past.org\/wp-content\/uploads\/2026\/03\/logo-inart2026-03-03.3-1-2048x771.png 2048w, https:\/\/in2past.org\/wp-content\/uploads\/2026\/03\/logo-inart2026-03-03.3-1-18x7.png 18w\" sizes=\"(max-width: 800px) 100vw, 800px\" \/><\/div><\/a>\n\t\t\t\t<div class=\"elementor-post__text\">\n\t\t\t\t<h1 class=\"elementor-post__title\">\n\t\t\t<a href=\"https:\/\/in2past.org\/pt\/events\/inart2026\/\" >\n\t\t\t\tInArt2026\t\t\t<\/a>\n\t\t<\/h1>\n\t\t\n\t\t<a class=\"elementor-post__read-more\" href=\"https:\/\/in2past.org\/pt\/events\/inart2026\/\" aria-label=\"Read more about InArt2026\" tabindex=\"-1\" >\n\t\t\tVer mais\t\t<\/a>\n\n\t\t\t\t<\/div>\n\t\t\t\t<div class=\"elementor-post__meta-data\">\n\t\t\t\t\t<span class=\"elementor-post-date\">\n\t\t\t31 de Mar\u00e7o, 2026\t\t<\/span>\n\t\t\t\t<\/div>\n\t\t\t\t\t<\/div>\n\t\t<\/article>\n\t\t\t\t<article class=\"elementor-post elementor-grid-item post-21072 post type-post status-publish format-standard has-post-thumbnail hentry category-events\" role=\"listitem\">\n\t\t\t<div class=\"elementor-post__card\">\n\t\t\t\t<a class=\"elementor-post__thumbnail__link\" href=\"https:\/\/in2past.org\/pt\/events\/international-symposium-histories-of-anthropology-and-restitution\/\" tabindex=\"-1\" ><div class=\"elementor-post__thumbnail\"><img decoding=\"async\" width=\"800\" height=\"800\" src=\"https:\/\/in2past.org\/wp-content\/uploads\/2026\/03\/CARTAZ_Historias-da-Antropologia-e-restituicoes_coloquioLISBOA-2026.jpg\" class=\"elementor-animation-shrink attachment-large size-large wp-image-20983\" alt=\"\" srcset=\"https:\/\/in2past.org\/wp-content\/uploads\/2026\/03\/CARTAZ_Historias-da-Antropologia-e-restituicoes_coloquioLISBOA-2026.jpg 1241w, https:\/\/in2past.org\/wp-content\/uploads\/2026\/03\/CARTAZ_Historias-da-Antropologia-e-restituicoes_coloquioLISBOA-2026-300x300.jpg 300w, https:\/\/in2past.org\/wp-content\/uploads\/2026\/03\/CARTAZ_Historias-da-Antropologia-e-restituicoes_coloquioLISBOA-2026-150x150.jpg 150w, https:\/\/in2past.org\/wp-content\/uploads\/2026\/03\/CARTAZ_Historias-da-Antropologia-e-restituicoes_coloquioLISBOA-2026-768x768.jpg 768w, https:\/\/in2past.org\/wp-content\/uploads\/2026\/03\/CARTAZ_Historias-da-Antropologia-e-restituicoes_coloquioLISBOA-2026-12x12.jpg 12w, https:\/\/in2past.org\/wp-content\/uploads\/2026\/03\/elementor\/thumbs\/CARTAZ_Historias-da-Antropologia-e-restituicoes_coloquioLISBOA-2026-rkn8k05c9fswg9vp5bsd4mvo1zsi5oqvl5a2v84euo.jpg 1080w\" sizes=\"(max-width: 800px) 100vw, 800px\" \/><\/div><\/a>\n\t\t\t\t<div class=\"elementor-post__text\">\n\t\t\t\t<h1 class=\"elementor-post__title\">\n\t\t\t<a href=\"https:\/\/in2past.org\/pt\/events\/international-symposium-histories-of-anthropology-and-restitution\/\" >\n\t\t\t\tInternational Symposium: Histories of Anthropology and Restitution\t\t\t<\/a>\n\t\t<\/h1>\n\t\t\n\t\t<a class=\"elementor-post__read-more\" href=\"https:\/\/in2past.org\/pt\/events\/international-symposium-histories-of-anthropology-and-restitution\/\" aria-label=\"Read more about International Symposium: Histories of Anthropology and Restitution\" tabindex=\"-1\" >\n\t\t\tVer mais\t\t<\/a>\n\n\t\t\t\t<\/div>\n\t\t\t\t<div class=\"elementor-post__meta-data\">\n\t\t\t\t\t<span class=\"elementor-post-date\">\n\t\t\t24 de Mar\u00e7o, 2026\t\t<\/span>\n\t\t\t\t<\/div>\n\t\t\t\t\t<\/div>\n\t\t<\/article>\n\t\t\t\t<article class=\"elementor-post elementor-grid-item post-20802 post type-post status-publish format-standard has-post-thumbnail hentry category-events\" role=\"listitem\">\n\t\t\t<div class=\"elementor-post__card\">\n\t\t\t\t<a class=\"elementor-post__thumbnail__link\" href=\"https:\/\/in2past.org\/pt\/events\/relics2026\/\" tabindex=\"-1\" ><div class=\"elementor-post__thumbnail\"><img decoding=\"async\" width=\"800\" height=\"1132\" src=\"https:\/\/in2past.org\/wp-content\/uploads\/2026\/03\/RelicS2026-1357x1920.png\" class=\"elementor-animation-shrink attachment-large size-large wp-image-20803\" alt=\"\" srcset=\"https:\/\/in2past.org\/wp-content\/uploads\/2026\/03\/RelicS2026-1357x1920.png 1357w, https:\/\/in2past.org\/wp-content\/uploads\/2026\/03\/RelicS2026-212x300.png 212w, https:\/\/in2past.org\/wp-content\/uploads\/2026\/03\/RelicS2026-768x1086.png 768w, https:\/\/in2past.org\/wp-content\/uploads\/2026\/03\/RelicS2026-1086x1536.png 1086w, https:\/\/in2past.org\/wp-content\/uploads\/2026\/03\/RelicS2026-1448x2048.png 1448w, https:\/\/in2past.org\/wp-content\/uploads\/2026\/03\/RelicS2026-8x12.png 8w, https:\/\/in2past.org\/wp-content\/uploads\/2026\/03\/RelicS2026.png 1587w\" sizes=\"(max-width: 800px) 100vw, 800px\" \/><\/div><\/a>\n\t\t\t\t<div class=\"elementor-post__text\">\n\t\t\t\t<h1 class=\"elementor-post__title\">\n\t\t\t<a href=\"https:\/\/in2past.org\/pt\/events\/relics2026\/\" >\n\t\t\t\tRelicS 2026 \u2013 2\u00aa Confer\u00eancia Internacional sobre Estudos de Rel\u00edquias\t\t\t<\/a>\n\t\t<\/h1>\n\t\t\n\t\t<a class=\"elementor-post__read-more\" href=\"https:\/\/in2past.org\/pt\/events\/relics2026\/\" aria-label=\"Read more about RelicS 2026 &#8211; 2nd International Conference on Relic Studies\" tabindex=\"-1\" >\n\t\t\tVer mais\t\t<\/a>\n\n\t\t\t\t<\/div>\n\t\t\t\t<div class=\"elementor-post__meta-data\">\n\t\t\t\t\t<span class=\"elementor-post-date\">\n\t\t\t9 de Mar\u00e7o de 2026\t\t<\/span>\n\t\t\t\t<\/div>\n\t\t\t\t\t<\/div>\n\t\t<\/article>\n\t\t\t\t<article class=\"elementor-post elementor-grid-item post-20833 post type-post status-publish format-standard has-post-thumbnail hentry category-events\" role=\"listitem\">\n\t\t\t<div class=\"elementor-post__card\">\n\t\t\t\t<a class=\"elementor-post__thumbnail__link\" href=\"https:\/\/in2past.org\/pt\/events\/ifph-2026-lisbon\/\" tabindex=\"-1\" ><div class=\"elementor-post__thumbnail\"><img loading=\"lazy\" decoding=\"async\" width=\"800\" height=\"531\" src=\"https:\/\/in2past.org\/wp-content\/uploads\/2025\/10\/Peniche-Fortress_Fortim-Redondo_Paulo-\u2013-Flickr.jpg\" class=\"elementor-animation-shrink attachment-large size-large wp-image-16797\" alt=\"Entrada principal do Fortim Redondo, Fortaleza de Peniche, com a sua pedra e tinta amarela descascada, contra um c\u00e9u azul riscado por nuvens brancas.\" srcset=\"https:\/\/in2past.org\/wp-content\/uploads\/2025\/10\/Peniche-Fortress_Fortim-Redondo_Paulo-\u2013-Flickr.jpg 1600w, https:\/\/in2past.org\/wp-content\/uploads\/2025\/10\/Peniche-Fortress_Fortim-Redondo_Paulo-\u2013-Flickr-300x199.jpg 300w, https:\/\/in2past.org\/wp-content\/uploads\/2025\/10\/Peniche-Fortress_Fortim-Redondo_Paulo-\u2013-Flickr-768x510.jpg 768w, https:\/\/in2past.org\/wp-content\/uploads\/2025\/10\/Peniche-Fortress_Fortim-Redondo_Paulo-\u2013-Flickr-1536x1020.jpg 1536w, https:\/\/in2past.org\/wp-content\/uploads\/2025\/10\/Peniche-Fortress_Fortim-Redondo_Paulo-\u2013-Flickr-18x12.jpg 18w\" sizes=\"(max-width: 800px) 100vw, 800px\" \/><\/div><\/a>\n\t\t\t\t<div class=\"elementor-post__text\">\n\t\t\t\t<h1 class=\"elementor-post__title\">\n\t\t\t<a href=\"https:\/\/in2past.org\/pt\/events\/ifph-2026-lisbon\/\" >\n\t\t\t\tIFPH 2026 Lisbon\t\t\t<\/a>\n\t\t<\/h1>\n\t\t\n\t\t<a class=\"elementor-post__read-more\" href=\"https:\/\/in2past.org\/pt\/events\/ifph-2026-lisbon\/\" aria-label=\"Read more about IFPH 2026 Lisbon\" tabindex=\"-1\" >\n\t\t\tVer mais\t\t<\/a>\n\n\t\t\t\t<\/div>\n\t\t\t\t<div class=\"elementor-post__meta-data\">\n\t\t\t\t\t<span class=\"elementor-post-date\">\n\t\t\t8 de mar\u00e7o, 2026\t\t<\/span>\n\t\t\t\t<\/div>\n\t\t\t\t\t<\/div>\n\t\t<\/article>\n\t\t\t\t<article class=\"elementor-post elementor-grid-item post-20751 post type-post status-publish format-standard has-post-thumbnail hentry category-events\" role=\"listitem\">\n\t\t\t<div class=\"elementor-post__card\">\n\t\t\t\t<a class=\"elementor-post__thumbnail__link\" href=\"https:\/\/in2past.org\/pt\/events\/phd-in-anthropology-picm-2026-27\/\" tabindex=\"-1\" ><div class=\"elementor-post__thumbnail\"><img loading=\"lazy\" decoding=\"async\" width=\"800\" height=\"790\" src=\"https:\/\/in2past.org\/wp-content\/uploads\/2026\/03\/PICM-2026-2027.jpg\" class=\"elementor-animation-shrink attachment-large size-large wp-image-20748\" alt=\"\" srcset=\"https:\/\/in2past.org\/wp-content\/uploads\/2026\/03\/PICM-2026-2027.jpg 1344w, https:\/\/in2past.org\/wp-content\/uploads\/2026\/03\/PICM-2026-2027-300x296.jpg 300w, https:\/\/in2past.org\/wp-content\/uploads\/2026\/03\/PICM-2026-2027-768x758.jpg 768w, https:\/\/in2past.org\/wp-content\/uploads\/2026\/03\/PICM-2026-2027-12x12.jpg 12w\" sizes=\"(max-width: 800px) 100vw, 800px\" \/><\/div><\/a>\n\t\t\t\t<div class=\"elementor-post__text\">\n\t\t\t\t<h1 class=\"elementor-post__title\">\n\t\t\t<a href=\"https:\/\/in2past.org\/pt\/events\/phd-in-anthropology-picm-2026-27\/\" >\n\t\t\t\tDoutoramento em Antropologia PDCM 2026-27\t\t\t<\/a>\n\t\t<\/h1>\n\t\t\n\t\t<a class=\"elementor-post__read-more\" href=\"https:\/\/in2past.org\/pt\/events\/phd-in-anthropology-picm-2026-27\/\" aria-label=\"Read more about PhD in Anthropology PDCM 2026-27\" tabindex=\"-1\" >\n\t\t\tVer mais\t\t<\/a>\n\n\t\t\t\t<\/div>\n\t\t\t\t<div class=\"elementor-post__meta-data\">\n\t\t\t\t\t<span class=\"elementor-post-date\">\n\t\t\t5 de mar\u00e7o, 2026\t\t<\/span>\n\t\t\t\t<\/div>\n\t\t\t\t\t<\/div>\n\t\t<\/article>\n\t\t\t\t<article class=\"elementor-post elementor-grid-item post-20713 post type-post status-publish format-standard has-post-thumbnail hentry category-events\" role=\"listitem\">\n\t\t\t<div class=\"elementor-post__card\">\n\t\t\t\t<a class=\"elementor-post__thumbnail__link\" href=\"https:\/\/in2past.org\/pt\/events\/vinculum-project-closing-session\/\" tabindex=\"-1\" ><div class=\"elementor-post__thumbnail\"><img loading=\"lazy\" decoding=\"async\" width=\"800\" height=\"800\" src=\"https:\/\/in2past.org\/wp-content\/uploads\/2026\/02\/Convite_encerramento_VINCULUM.jpg\" class=\"elementor-animation-shrink attachment-large size-large wp-image-20714\" alt=\"\" srcset=\"https:\/\/in2past.org\/wp-content\/uploads\/2026\/02\/Convite_encerramento_VINCULUM.jpg 1612w, https:\/\/in2past.org\/wp-content\/uploads\/2026\/02\/Convite_encerramento_VINCULUM-300x300.jpg 300w, https:\/\/in2past.org\/wp-content\/uploads\/2026\/02\/Convite_encerramento_VINCULUM-150x150.jpg 150w, https:\/\/in2past.org\/wp-content\/uploads\/2026\/02\/Convite_encerramento_VINCULUM-768x768.jpg 768w, https:\/\/in2past.org\/wp-content\/uploads\/2026\/02\/Convite_encerramento_VINCULUM-1536x1536.jpg 1536w, https:\/\/in2past.org\/wp-content\/uploads\/2026\/02\/Convite_encerramento_VINCULUM-12x12.jpg 12w, https:\/\/in2past.org\/wp-content\/uploads\/2026\/02\/elementor\/thumbs\/Convite_encerramento_VINCULUM-rje2s6vqs1n0cislguwcefb5xhxk3mdwfd9pctw6y8.jpg 1080w\" sizes=\"(max-width: 800px) 100vw, 800px\" \/><\/div><\/a>\n\t\t\t\t<div class=\"elementor-post__text\">\n\t\t\t\t<h1 class=\"elementor-post__title\">\n\t\t\t<a href=\"https:\/\/in2past.org\/pt\/events\/vinculum-project-closing-session\/\" >\n\t\t\t\tSess\u00e3o de encerramento do projeto VINCULUM\t\t\t<\/a>\n\t\t<\/h1>\n\t\t\n\t\t<a class=\"elementor-post__read-more\" href=\"https:\/\/in2past.org\/pt\/events\/vinculum-project-closing-session\/\" aria-label=\"Ler mais sobre a sess\u00e3o de encerramento do projeto VINCULUM\" tabindex=\"-1\" >\n\t\t\tVer mais\t\t<\/a>\n\n\t\t\t\t<\/div>\n\t\t\t\t<div class=\"elementor-post__meta-data\">\n\t\t\t\t\t<span class=\"elementor-post-date\">\n\t\t\t18 de fevereiro, 2026\t\t<\/span>\n\t\t\t\t<\/div>\n\t\t\t\t\t<\/div>\n\t\t<\/article>\n\t\t\t\t<article class=\"elementor-post elementor-grid-item post-20636 post type-post status-publish format-standard has-post-thumbnail hentry category-events\" role=\"listitem\">\n\t\t\t<div class=\"elementor-post__card\">\n\t\t\t\t<a class=\"elementor-post__thumbnail__link\" href=\"https:\/\/in2past.org\/pt\/events\/on-catastrophe-visual-reflections-and-practices\/\" tabindex=\"-1\" ><div class=\"elementor-post__thumbnail\"><img loading=\"lazy\" decoding=\"async\" width=\"800\" height=\"600\" src=\"https:\/\/in2past.org\/wp-content\/uploads\/2026\/02\/Fig-1.-Cabo-verde_introduction-1920x1440.jpg\" class=\"elementor-animation-shrink attachment-large size-large wp-image-20637\" alt=\"\" srcset=\"https:\/\/in2past.org\/wp-content\/uploads\/2026\/02\/Fig-1.-Cabo-verde_introduction-1920x1440.jpg 1920w, https:\/\/in2past.org\/wp-content\/uploads\/2026\/02\/Fig-1.-Cabo-verde_introduction-300x225.jpg 300w, https:\/\/in2past.org\/wp-content\/uploads\/2026\/02\/Fig-1.-Cabo-verde_introduction-768x576.jpg 768w, https:\/\/in2past.org\/wp-content\/uploads\/2026\/02\/Fig-1.-Cabo-verde_introduction-1536x1152.jpg 1536w, https:\/\/in2past.org\/wp-content\/uploads\/2026\/02\/Fig-1.-Cabo-verde_introduction-2048x1536.jpg 2048w, https:\/\/in2past.org\/wp-content\/uploads\/2026\/02\/Fig-1.-Cabo-verde_introduction-16x12.jpg 16w\" sizes=\"(max-width: 800px) 100vw, 800px\" \/><\/div><\/a>\n\t\t\t\t<div class=\"elementor-post__text\">\n\t\t\t\t<h1 class=\"elementor-post__title\">\n\t\t\t<a href=\"https:\/\/in2past.org\/pt\/events\/on-catastrophe-visual-reflections-and-practices\/\" >\n\t\t\t\tSobre cat\u00e1strofe: Reflex\u00f5es e pr\u00e1ticas visuais\t\t\t<\/a>\n\t\t<\/h1>\n\t\t\n\t\t<a class=\"elementor-post__read-more\" href=\"https:\/\/in2past.org\/pt\/events\/on-catastrophe-visual-reflections-and-practices\/\" aria-label=\"Ler mais sobre Sobre a cat\u00e1strofe: Reflex\u00f5es e pr\u00e1ticas visuais\" tabindex=\"-1\" >\n\t\t\tVer mais\t\t<\/a>\n\n\t\t\t\t<\/div>\n\t\t\t\t<div class=\"elementor-post__meta-data\">\n\t\t\t\t\t<span class=\"elementor-post-date\">\n\t\t\t6 de fevereiro, 2026\t\t<\/span>\n\t\t\t\t<\/div>\n\t\t\t\t\t<\/div>\n\t\t<\/article>\n\t\t\t\t<article class=\"elementor-post elementor-grid-item post-20475 post type-post status-publish format-standard has-post-thumbnail hentry category-events\" role=\"listitem\">\n\t\t\t<div class=\"elementor-post__card\">\n\t\t\t\t<a class=\"elementor-post__thumbnail__link\" href=\"https:\/\/in2past.org\/pt\/events\/ii-seminar-on-technopolitics-of-participation-call-for-papers\/\" tabindex=\"-1\" ><div class=\"elementor-post__thumbnail\"><img loading=\"lazy\" decoding=\"async\" width=\"800\" height=\"1000\" src=\"https:\/\/in2past.org\/wp-content\/uploads\/2026\/01\/II-Seminario-Tecnopoliticas-da-Participacao.jpeg\" class=\"elementor-animation-shrink attachment-large size-large wp-image-20476\" alt=\"\" srcset=\"https:\/\/in2past.org\/wp-content\/uploads\/2026\/01\/II-Seminario-Tecnopoliticas-da-Participacao.jpeg 1080w, https:\/\/in2past.org\/wp-content\/uploads\/2026\/01\/II-Seminario-Tecnopoliticas-da-Participacao-240x300.jpeg 240w, https:\/\/in2past.org\/wp-content\/uploads\/2026\/01\/II-Seminario-Tecnopoliticas-da-Participacao-768x960.jpeg 768w, https:\/\/in2past.org\/wp-content\/uploads\/2026\/01\/II-Seminario-Tecnopoliticas-da-Participacao-10x12.jpeg 10w\" sizes=\"(max-width: 800px) 100vw, 800px\" \/><\/div><\/a>\n\t\t\t\t<div class=\"elementor-post__text\">\n\t\t\t\t<h1 class=\"elementor-post__title\">\n\t\t\t<a href=\"https:\/\/in2past.org\/pt\/events\/ii-seminar-on-technopolitics-of-participation-call-for-papers\/\" >\n\t\t\t\tII Semin\u00e1rio sobre Tecnopol\u00edtica da Participa\u00e7\u00e3o - Convite \u00e0 apresenta\u00e7\u00e3o de comunica\u00e7\u00f5es\t\t\t<\/a>\n\t\t<\/h1>\n\t\t\n\t\t<a class=\"elementor-post__read-more\" href=\"https:\/\/in2past.org\/pt\/events\/ii-seminar-on-technopolitics-of-participation-call-for-papers\/\" aria-label=\"Ler mais sobre II Semin\u00e1rio sobre Tecnopol\u00edtica da Participa\u00e7\u00e3o - Convite \u00e0 apresenta\u00e7\u00e3o de comunica\u00e7\u00f5es\" tabindex=\"-1\" >\n\t\t\tVer mais\t\t<\/a>\n\n\t\t\t\t<\/div>\n\t\t\t\t<div class=\"elementor-post__meta-data\">\n\t\t\t\t\t<span class=\"elementor-post-date\">\n\t\t\t29 de janeiro, 2026\t\t<\/span>\n\t\t\t\t<\/div>\n\t\t\t\t\t<\/div>\n\t\t<\/article>\n\t\t\t\t<article class=\"elementor-post elementor-grid-item post-20350 post type-post status-publish format-standard has-post-thumbnail hentry category-events\" role=\"listitem\">\n\t\t\t<div class=\"elementor-post__card\">\n\t\t\t\t<a class=\"elementor-post__thumbnail__link\" href=\"https:\/\/in2past.org\/pt\/events\/resonance-reading-group-2ndmeeting\/\" tabindex=\"-1\" ><div class=\"elementor-post__thumbnail\"><img loading=\"lazy\" decoding=\"async\" width=\"800\" height=\"566\" src=\"https:\/\/in2past.org\/wp-content\/uploads\/2026\/01\/2026-02-09_Resonance-Reading-Group_cartaz.jpg\" class=\"elementor-animation-shrink attachment-large size-large wp-image-20347\" alt=\"\" srcset=\"https:\/\/in2past.org\/wp-content\/uploads\/2026\/01\/2026-02-09_Resonance-Reading-Group_cartaz.jpg 1500w, https:\/\/in2past.org\/wp-content\/uploads\/2026\/01\/2026-02-09_Resonance-Reading-Group_cartaz-300x212.jpg 300w, https:\/\/in2past.org\/wp-content\/uploads\/2026\/01\/2026-02-09_Resonance-Reading-Group_cartaz-768x543.jpg 768w, https:\/\/in2past.org\/wp-content\/uploads\/2026\/01\/2026-02-09_Resonance-Reading-Group_cartaz-18x12.jpg 18w\" sizes=\"(max-width: 800px) 100vw, 800px\" \/><\/div><\/a>\n\t\t\t\t<div class=\"elementor-post__text\">\n\t\t\t\t<h1 class=\"elementor-post__title\">\n\t\t\t<a href=\"https:\/\/in2past.org\/pt\/events\/resonance-reading-group-2ndmeeting\/\" >\n\t\t\t\tGrupo de leitura do RESONANCE: 2\u00aa sess\u00e3o\t\t\t<\/a>\n\t\t<\/h1>\n\t\t\n\t\t<a class=\"elementor-post__read-more\" href=\"https:\/\/in2past.org\/pt\/events\/resonance-reading-group-2ndmeeting\/\" aria-label=\"Read more about RESONANCE Reading Group 2nd meeting\" tabindex=\"-1\" >\n\t\t\tVer mais\t\t<\/a>\n\n\t\t\t\t<\/div>\n\t\t\t\t<div class=\"elementor-post__meta-data\">\n\t\t\t\t\t<span class=\"elementor-post-date\">\n\t\t\t23 de janeiro, 2026\t\t<\/span>\n\t\t\t\t<\/div>\n\t\t\t\t\t<\/div>\n\t\t<\/article>\n\t\t\t\t<article class=\"elementor-post elementor-grid-item post-20306 post type-post status-publish format-standard has-post-thumbnail hentry category-events\" role=\"listitem\">\n\t\t\t<div class=\"elementor-post__card\">\n\t\t\t\t<a class=\"elementor-post__thumbnail__link\" href=\"https:\/\/in2past.org\/pt\/events\/conclusions-from-the-first-excavation-campaign-at-as-torres\/\" tabindex=\"-1\" ><div class=\"elementor-post__thumbnail\"><img loading=\"lazy\" decoding=\"async\" width=\"800\" height=\"1132\" src=\"https:\/\/in2past.org\/wp-content\/uploads\/2026\/01\/cartaz_charla_fortalezas-1357x1920.png\" class=\"elementor-animation-shrink attachment-large size-large wp-image-20307\" alt=\"\" srcset=\"https:\/\/in2past.org\/wp-content\/uploads\/2026\/01\/cartaz_charla_fortalezas-1357x1920.png 1357w, https:\/\/in2past.org\/wp-content\/uploads\/2026\/01\/cartaz_charla_fortalezas-212x300.png 212w, https:\/\/in2past.org\/wp-content\/uploads\/2026\/01\/cartaz_charla_fortalezas-768x1086.png 768w, https:\/\/in2past.org\/wp-content\/uploads\/2026\/01\/cartaz_charla_fortalezas-1086x1536.png 1086w, https:\/\/in2past.org\/wp-content\/uploads\/2026\/01\/cartaz_charla_fortalezas-8x12.png 8w, https:\/\/in2past.org\/wp-content\/uploads\/2026\/01\/cartaz_charla_fortalezas.png 1414w\" sizes=\"(max-width: 800px) 100vw, 800px\" \/><\/div><\/a>\n\t\t\t\t<div class=\"elementor-post__text\">\n\t\t\t\t<h1 class=\"elementor-post__title\">\n\t\t\t<a href=\"https:\/\/in2past.org\/pt\/events\/conclusions-from-the-first-excavation-campaign-at-as-torres\/\" >\n\t\t\t\tConclus\u00f5es da 1\u00aa campanha de escava\u00e7\u00f5es em As Torres\t\t\t<\/a>\n\t\t<\/h1>\n\t\t\n\t\t<a class=\"elementor-post__read-more\" href=\"https:\/\/in2past.org\/pt\/events\/conclusions-from-the-first-excavation-campaign-at-as-torres\/\" aria-label=\"Ler mais sobre Conclus\u00f5es da 1\u00aa campanha de escava\u00e7\u00f5es em As Torres\" tabindex=\"-1\" >\n\t\t\tVer mais\t\t<\/a>\n\n\t\t\t\t<\/div>\n\t\t\t\t<div class=\"elementor-post__meta-data\">\n\t\t\t\t\t<span class=\"elementor-post-date\">\n\t\t\t21 de janeiro, 2026\t\t<\/span>\n\t\t\t\t<\/div>\n\t\t\t\t\t<\/div>\n\t\t<\/article>\n\t\t\t\t<\/div>\n\t\t\t\t\t<span class=\"e-load-more-spinner\">\n\t\t\t\t<i aria-hidden=\"true\" class=\"fas fa-spinner\"><\/i>\t\t\t<\/span>\n\t\t\n\t\t\t\t<div class=\"e-load-more-anchor\" data-page=\"1\" data-max-page=\"18\" data-next-page=\"https:\/\/in2past.org\/pt\/wp-json\/wp\/v2\/pages\/1644\/page\/2\/\"><\/div>\n\t\t\t\t<div class=\"elementor-button-wrapper\">\n\t\t\t<a href=\"#\" class=\"elementor-button-link elementor-button elementor-animation-shrink\" role=\"button\">\n\t\t\t\t\t\t<span class=\"elementor-button-content-wrapper\">\n\t\t\t\t\t\t\t\t\t<span class=\"elementor-button-text\">Ver mais<\/span>\n\t\t\t\t\t<\/span>\n\t\t\t\t\t<\/a>\n\t\t<\/div>\n\t\t\t\t<div class=\"e-load-more-message\">N\u00e3o h\u00e1 mais eventos<\/div>\n\t\t\t\t\t\t<\/div>\n\t\t\t\t<\/div>\n\t\t\t\t\t<\/div>\n\t\t\t\t<\/div>\n\t\t\t\t<\/div>","protected":false},"excerpt":{"rendered":"<p>Agenda<\/p>","protected":false},"author":1,"featured_media":0,"parent":0,"menu_order":0,"comment_status":"closed","ping_status":"closed","template":"elementor_header_footer","meta":{"footnotes":""},"class_list":["post-1644","page","type-page","status-publish","hentry"],"_links":{"self":[{"href":"https:\/\/in2past.org\/pt\/wp-json\/wp\/v2\/pages\/1644","targetHints":{"allow":["GET"]}}],"collection":[{"href":"https:\/\/in2past.org\/pt\/wp-json\/wp\/v2\/pages"}],"about":[{"href":"https:\/\/in2past.org\/pt\/wp-json\/wp\/v2\/types\/page"}],"author":[{"embeddable":true,"href":"https:\/\/in2past.org\/pt\/wp-json\/wp\/v2\/users\/1"}],"replies":[{"embeddable":true,"href":"https:\/\/in2past.org\/pt\/wp-json\/wp\/v2\/comments?post=1644"}],"version-history":[{"count":793,"href":"https:\/\/in2past.org\/pt\/wp-json\/wp\/v2\/pages\/1644\/revisions"}],"predecessor-version":[{"id":20103,"href":"https:\/\/in2past.org\/pt\/wp-json\/wp\/v2\/pages\/1644\/revisions\/20103"}],"wp:attachment":[{"href":"https:\/\/in2past.org\/pt\/wp-json\/wp\/v2\/media?parent=1644"}],"curies":[{"name":"wp","href":"https:\/\/api.w.org\/{rel}","templated":true}]}}